{"id":17604,"date":"2023-10-14T19:07:53","date_gmt":"2023-10-14T17:07:53","guid":{"rendered":"https:\/\/csd-berlin.de\/?page_id=17604"},"modified":"2025-01-09T15:57:11","modified_gmt":"2025-01-09T14:57:11","slug":"route-final","status":"publish","type":"page","link":"https:\/\/csd-berlin.de\/en\/history\/2023\/route-final\/","title":{"rendered":"Route &#038; Final 2023"},"content":{"rendered":"<p>[et_pb_section fb_built=&#8221;1&#8243; _builder_version=&#8221;4.16&#8243; custom_padding=&#8221;0px|||||&#8221; global_colors_info=&#8221;{}&#8221;][et_pb_row column_structure=&#8221;3_5,2_5&#8243; _builder_version=&#8221;4.17.4&#8243; custom_padding=&#8221;0px||0px|||&#8221; global_colors_info=&#8221;{}&#8221;][et_pb_column type=&#8221;3_5&#8243; _builder_version=&#8221;4.16&#8243; custom_padding=&#8221;|||&#8221; global_colors_info=&#8221;{}&#8221; custom_padding__hover=&#8221;|||&#8221;][et_pb_text _builder_version=&#8221;4.19.0&#8243; text_font=&#8221;||||||||&#8221; text_font_size=&#8221;18px&#8221; text_line_height=&#8221;1.75em&#8221; header_font=&#8221;||||||||&#8221; header_2_font=&#8221;|800||on|||||&#8221; header_2_font_size=&#8221;50px&#8221; header_2_line_height=&#8221;1.3em&#8221; max_width=&#8221;850px&#8221; text_font_size_tablet=&#8221;16px&#8221; text_font_size_phone=&#8221;14px&#8221; text_font_size_last_edited=&#8221;on|desktop&#8221; header_2_font_size_tablet=&#8221;30px&#8221; header_2_font_size_phone=&#8221;&#8221; header_2_font_size_last_edited=&#8221;on|phone&#8221; global_colors_info=&#8221;{}&#8221;]<\/p>\n<h2 style=\"text-align: justify;\"><strong>ROUTE | FINALE<\/strong><\/h2>\n<p>[\/et_pb_text][et_pb_text _builder_version=&#8221;4.21.0&#8243; _module_preset=&#8221;default&#8221; hover_enabled=&#8221;0&#8243; sticky_enabled=&#8221;0&#8243;]<\/p>\n<p><strong>Be their voice \u2013 and ours!<\/strong><\/p>\n<p><strong>\u2026 for more empathy and solidarity!<\/strong><\/p>\n<p>Under this motto, the <strong>demonstration will move from 12 o&#8217;clock from Leipziger Stra\u00dfe \/ corner Spittelmarkt<\/strong> through Mitte to the Bundesrat and Potsdamer Platz. Afterwards we will turn into the direction of Sch\u00f6neberg and Nollendorfplatz. From there we will continue demonstrating to the Siegess\u00e4ule and finally end on the Stra\u00dfe des 17. around 4:30 p.m., the first vehicles and foot groups will reach the final area with destination Brandenburg Gate. There will be a diverse final rally on stage &#8211; with speeches as well as artistic and musical acts. The Berlin Pride | CSD Berlin ends around midnight. The entire program will be available on our website during July. Special focus will be on the worldwide hostile drag community, the inhumane laws and movements in African countries like Uganda, Ghana and also Namibia, on the self-determination law, and our big list of demands 2023.<\/p>\n<p>[\/et_pb_text][\/et_pb_column][et_pb_column type=&#8221;2_5&#8243; _builder_version=&#8221;4.16&#8243; custom_padding=&#8221;|||&#8221; global_colors_info=&#8221;{}&#8221; custom_padding__hover=&#8221;|||&#8221;][et_pb_text _builder_version=&#8221;4.21.0&#8243; text_font=&#8221;||||||||&#8221; text_text_color=&#8221;#ffffff&#8221; text_line_height=&#8221;1.75em&#8221; header_font=&#8221;||||||||&#8221; header_3_font=&#8221;|800||on|||||&#8221; header_3_text_color=&#8221;#ffffff&#8221; background_color=&#8221;#e31179&#8243; custom_padding=&#8221;25px|25px|25px|25px|true|true&#8221; hover_enabled=&#8221;0&#8243; global_colors_info=&#8221;{}&#8221; sticky_enabled=&#8221;0&#8243;]<\/p>\n<h3>45. CSD Berlin | \u00a0Demo-Route<\/h3>\n<p><strong><\/strong><\/p>\n<p><strong>Start zone<\/strong><\/p>\n<p><span>Leipziger Stra\u00dfe \/ Ecke Spittelmarkt <\/span><\/p>\n<p><strong>Timings<\/strong><\/p>\n<p>12h<\/p>\n<p><strong>Finale<\/strong><br \/>Stra\u00dfe des 17. Juni \/ Brandenburger Tor<\/p>\n<p>[\/et_pb_text][et_pb_image src=&#8221;https:\/\/csd-berlin.de\/wp-content\/uploads\/2023\/06\/Bildschirmfoto-2023-06-01-um-20.30.16.png&#8221; _builder_version=&#8221;4.21.0&#8243; _module_preset=&#8221;default&#8221; title_text=&#8221;route 2023&#8243; hover_enabled=&#8221;0&#8243; sticky_enabled=&#8221;0&#8243;][\/et_pb_image][\/et_pb_column][\/et_pb_row][\/et_pb_section][et_pb_section fb_built=&#8221;1&#8243; _builder_version=&#8221;4.16&#8243; custom_padding=&#8221;0px|||||&#8221; global_colors_info=&#8221;{}&#8221;][et_pb_row column_structure=&#8221;1_2,1_2&#8243; _builder_version=&#8221;4.16&#8243; custom_padding=&#8221;0px||0px|||&#8221; global_colors_info=&#8221;{}&#8221;][et_pb_column type=&#8221;1_2&#8243; _builder_version=&#8221;4.16&#8243; custom_padding=&#8221;|||&#8221; global_colors_info=&#8221;{}&#8221; custom_padding__hover=&#8221;|||&#8221;][et_pb_text _builder_version=&#8221;4.16&#8243; text_font=&#8221;||||||||&#8221; text_font_size=&#8221;18px&#8221; text_line_height=&#8221;1.75em&#8221; header_font=&#8221;||||||||&#8221; header_2_font=&#8221;|800||on|||||&#8221; header_2_font_size=&#8221;50px&#8221; header_2_line_height=&#8221;1.3em&#8221; max_width=&#8221;850px&#8221; text_font_size_tablet=&#8221;16px&#8221; text_font_size_phone=&#8221;14px&#8221; text_font_size_last_edited=&#8221;on|desktop&#8221; header_2_font_size_tablet=&#8221;30px&#8221; header_2_font_size_phone=&#8221;&#8221; header_2_font_size_last_edited=&#8221;on|phone&#8221; global_colors_info=&#8221;{}&#8221;][\/et_pb_text][\/et_pb_column][et_pb_column type=&#8221;1_2&#8243; _builder_version=&#8221;4.16&#8243; custom_padding=&#8221;|||&#8221; global_colors_info=&#8221;{}&#8221; custom_padding__hover=&#8221;|||&#8221;][\/et_pb_column][\/et_pb_row][\/et_pb_section]<\/p>\n","protected":false},"excerpt":{"rendered":"<p>ROUTE | FINALEBe their voice \u2013 and ours! \u2026 for more empathy and solidarity! Under this motto, the demonstration will move from 12 o&#8217;clock from Leipziger Stra\u00dfe \/ corner Spittelmarkt through Mitte to the Bundesrat and Potsdamer Platz. Afterwards we will turn into the direction of Sch\u00f6neberg and Nollendorfplatz. From there we will continue demonstrating [&hellip;]<\/p>\n","protected":false},"author":11,"featured_media":0,"parent":17593,"menu_order":4,"comment_status":"closed","ping_status":"closed","template":"page-csd.php","meta":{"_acf_changed":false,"_et_pb_use_builder":"on","_et_pb_old_content":"","_et_gb_content_width":"","inline_featured_image":false,"footnotes":""},"class_list":["post-17604","page","type-page","status-publish","hentry"],"acf":[],"yoast_head":"<!-- This site is optimized with the Yoast SEO plugin v27.0 - https:\/\/yoast.com\/product\/yoast-seo-wordpress\/ -->\n<title>Route &amp; Final 2023 &#8211; Berlin Pride | CSD Berlin 25.07.2026<\/title>\n<meta name=\"robots\" content=\"index, follow, max-snippet:-1, max-image-preview:large, max-video-preview:-1\" \/>\n<link rel=\"canonical\" href=\"https:\/\/csd-berlin.de\/en\/history\/2023\/route-final\/\" \/>\n<meta property=\"og:locale\" content=\"en_US\" \/>\n<meta property=\"og:type\" content=\"article\" \/>\n<meta property=\"og:title\" content=\"Route &amp; Final 2023 &#8211; Berlin Pride | CSD Berlin 25.07.2026\" \/>\n<meta property=\"og:description\" content=\"ROUTE | FINALEBe their voice \u2013 and ours! \u2026 for more empathy and solidarity! Under this motto, the demonstration will move from 12 o&#039;clock from Leipziger Stra\u00dfe \/ corner Spittelmarkt through Mitte to the Bundesrat and Potsdamer Platz. Afterwards we will turn into the direction of Sch\u00f6neberg and Nollendorfplatz. From there we will continue demonstrating [&hellip;]\" \/>\n<meta property=\"og:url\" content=\"https:\/\/csd-berlin.de\/en\/history\/2023\/route-final\" \/>\n<meta property=\"og:site_name\" content=\"Berlin Pride | CSD Berlin 25.07.2026\" \/>\n<meta property=\"article:publisher\" content=\"https:\/\/facebook.com\/BerlinerCSD\" \/>\n<meta property=\"article:modified_time\" content=\"2025-01-09T14:57:11+00:00\" \/>\n<meta name=\"twitter:card\" content=\"summary_large_image\" \/>\n<meta name=\"twitter:site\" content=\"@CSD_Berlin\" \/>\n<meta name=\"twitter:label1\" content=\"Est. reading time\" \/>\n\t<meta name=\"twitter:data1\" content=\"4 minutes\" \/>\n<script type=\"application\/ld+json\" class=\"yoast-schema-graph\">{\"@context\":\"https:\/\/schema.org\",\"@graph\":[{\"@type\":\"WebPage\",\"@id\":\"https:\/\/csd-berlin.de\/en\/history\/2023\/route-final\/\",\"url\":\"https:\/\/csd-berlin.de\/en\/history\/2023\/route-final\/\",\"name\":\"Route & Final 2023 &#8211; Berlin Pride | CSD Berlin 25.07.2026\",\"isPartOf\":{\"@id\":\"https:\/\/csd-berlin.de\/en\/#website\"},\"datePublished\":\"2023-10-14T17:07:53+00:00\",\"dateModified\":\"2025-01-09T14:57:11+00:00\",\"breadcrumb\":{\"@id\":\"https:\/\/csd-berlin.de\/en\/history\/2023\/route-final\/#breadcrumb\"},\"inLanguage\":\"en-US\",\"potentialAction\":[{\"@type\":\"ReadAction\",\"target\":[\"https:\/\/csd-berlin.de\/en\/history\/2023\/route-final\/\"]}]},{\"@type\":\"BreadcrumbList\",\"@id\":\"https:\/\/csd-berlin.de\/en\/history\/2023\/route-final\/#breadcrumb\",\"itemListElement\":[{\"@type\":\"ListItem\",\"position\":1,\"name\":\"Startseite\",\"item\":\"https:\/\/csd-berlin.de\/en\/\"},{\"@type\":\"ListItem\",\"position\":2,\"name\":\"History\",\"item\":\"https:\/\/csd-berlin.de\/en\/history\/\"},{\"@type\":\"ListItem\",\"position\":3,\"name\":\"CSD Berlin 2023\",\"item\":\"https:\/\/csd-berlin.de\/en\/history\/2023\/\"},{\"@type\":\"ListItem\",\"position\":4,\"name\":\"Route &#038; Final 2023\"}]},{\"@type\":\"WebSite\",\"@id\":\"https:\/\/csd-berlin.de\/en\/#website\",\"url\":\"https:\/\/csd-berlin.de\/en\/\",\"name\":\"Berlin Pride | CSD Berlin 25.07.2026\",\"description\":\"\",\"publisher\":{\"@id\":\"https:\/\/csd-berlin.de\/en\/#organization\"},\"potentialAction\":[{\"@type\":\"SearchAction\",\"target\":{\"@type\":\"EntryPoint\",\"urlTemplate\":\"https:\/\/csd-berlin.de\/en\/?s={search_term_string}\"},\"query-input\":{\"@type\":\"PropertyValueSpecification\",\"valueRequired\":true,\"valueName\":\"search_term_string\"}}],\"inLanguage\":\"en-US\"},{\"@type\":\"Organization\",\"@id\":\"https:\/\/csd-berlin.de\/en\/#organization\",\"name\":\"Berliner CSD e.V.\",\"alternateName\":\"CSD Berlin\",\"url\":\"https:\/\/csd-berlin.de\/en\/\",\"logo\":{\"@type\":\"ImageObject\",\"inLanguage\":\"en-US\",\"@id\":\"https:\/\/csd-berlin.de\/en\/#\/schema\/logo\/image\/\",\"url\":\"https:\/\/csd-berlin.de\/wp-content\/uploads\/2021\/12\/Bildschirmfoto-2021-12-17-um-18.34.13.jpg\",\"contentUrl\":\"https:\/\/csd-berlin.de\/wp-content\/uploads\/2021\/12\/Bildschirmfoto-2021-12-17-um-18.34.13.jpg\",\"width\":500,\"height\":600,\"caption\":\"Berliner CSD e.V.\"},\"image\":{\"@id\":\"https:\/\/csd-berlin.de\/en\/#\/schema\/logo\/image\/\"},\"sameAs\":[\"https:\/\/facebook.com\/BerlinerCSD\",\"https:\/\/x.com\/CSD_Berlin\",\"https:\/\/www.instagram.com\/csd.berlin.pride\/\"]}]}<\/script>\n<!-- \/ Yoast SEO plugin. -->","yoast_head_json":{"title":"Route & Final 2023 &#8211; Berlin Pride | CSD Berlin 25.07.2026","robots":{"index":"index","follow":"follow","max-snippet":"max-snippet:-1","max-image-preview":"max-image-preview:large","max-video-preview":"max-video-preview:-1"},"canonical":"https:\/\/csd-berlin.de\/en\/history\/2023\/route-final\/","og_locale":"en_US","og_type":"article","og_title":"Route & Final 2023 &#8211; Berlin Pride | CSD Berlin 25.07.2026","og_description":"ROUTE | FINALEBe their voice \u2013 and ours! \u2026 for more empathy and solidarity! Under this motto, the demonstration will move from 12 o'clock from Leipziger Stra\u00dfe \/ corner Spittelmarkt through Mitte to the Bundesrat and Potsdamer Platz. Afterwards we will turn into the direction of Sch\u00f6neberg and Nollendorfplatz. From there we will continue demonstrating [&hellip;]","og_url":"https:\/\/csd-berlin.de\/en\/history\/2023\/route-final","og_site_name":"Berlin Pride | CSD Berlin 25.07.2026","article_publisher":"https:\/\/facebook.com\/BerlinerCSD","article_modified_time":"2025-01-09T14:57:11+00:00","twitter_card":"summary_large_image","twitter_site":"@CSD_Berlin","twitter_misc":{"Est. reading time":"4 minutes"},"schema":{"@context":"https:\/\/schema.org","@graph":[{"@type":"WebPage","@id":"https:\/\/csd-berlin.de\/en\/history\/2023\/route-final\/","url":"https:\/\/csd-berlin.de\/en\/history\/2023\/route-final\/","name":"Route & Final 2023 &#8211; Berlin Pride | CSD Berlin 25.07.2026","isPartOf":{"@id":"https:\/\/csd-berlin.de\/en\/#website"},"datePublished":"2023-10-14T17:07:53+00:00","dateModified":"2025-01-09T14:57:11+00:00","breadcrumb":{"@id":"https:\/\/csd-berlin.de\/en\/history\/2023\/route-final\/#breadcrumb"},"inLanguage":"en-US","potentialAction":[{"@type":"ReadAction","target":["https:\/\/csd-berlin.de\/en\/history\/2023\/route-final\/"]}]},{"@type":"BreadcrumbList","@id":"https:\/\/csd-berlin.de\/en\/history\/2023\/route-final\/#breadcrumb","itemListElement":[{"@type":"ListItem","position":1,"name":"Startseite","item":"https:\/\/csd-berlin.de\/en\/"},{"@type":"ListItem","position":2,"name":"History","item":"https:\/\/csd-berlin.de\/en\/history\/"},{"@type":"ListItem","position":3,"name":"CSD Berlin 2023","item":"https:\/\/csd-berlin.de\/en\/history\/2023\/"},{"@type":"ListItem","position":4,"name":"Route &#038; Final 2023"}]},{"@type":"WebSite","@id":"https:\/\/csd-berlin.de\/en\/#website","url":"https:\/\/csd-berlin.de\/en\/","name":"Berlin Pride | CSD Berlin 25.07.2026","description":"","publisher":{"@id":"https:\/\/csd-berlin.de\/en\/#organization"},"potentialAction":[{"@type":"SearchAction","target":{"@type":"EntryPoint","urlTemplate":"https:\/\/csd-berlin.de\/en\/?s={search_term_string}"},"query-input":{"@type":"PropertyValueSpecification","valueRequired":true,"valueName":"search_term_string"}}],"inLanguage":"en-US"},{"@type":"Organization","@id":"https:\/\/csd-berlin.de\/en\/#organization","name":"Berliner CSD e.V.","alternateName":"CSD Berlin","url":"https:\/\/csd-berlin.de\/en\/","logo":{"@type":"ImageObject","inLanguage":"en-US","@id":"https:\/\/csd-berlin.de\/en\/#\/schema\/logo\/image\/","url":"https:\/\/csd-berlin.de\/wp-content\/uploads\/2021\/12\/Bildschirmfoto-2021-12-17-um-18.34.13.jpg","contentUrl":"https:\/\/csd-berlin.de\/wp-content\/uploads\/2021\/12\/Bildschirmfoto-2021-12-17-um-18.34.13.jpg","width":500,"height":600,"caption":"Berliner CSD e.V."},"image":{"@id":"https:\/\/csd-berlin.de\/en\/#\/schema\/logo\/image\/"},"sameAs":["https:\/\/facebook.com\/BerlinerCSD","https:\/\/x.com\/CSD_Berlin","https:\/\/www.instagram.com\/csd.berlin.pride\/"]}]}},"_links":{"self":[{"href":"https:\/\/csd-berlin.de\/en\/wp-json\/wp\/v2\/pages\/17604","targetHints":{"allow":["GET"]}}],"collection":[{"href":"https:\/\/csd-berlin.de\/en\/wp-json\/wp\/v2\/pages"}],"about":[{"href":"https:\/\/csd-berlin.de\/en\/wp-json\/wp\/v2\/types\/page"}],"author":[{"embeddable":true,"href":"https:\/\/csd-berlin.de\/en\/wp-json\/wp\/v2\/users\/11"}],"replies":[{"embeddable":true,"href":"https:\/\/csd-berlin.de\/en\/wp-json\/wp\/v2\/comments?post=17604"}],"version-history":[{"count":5,"href":"https:\/\/csd-berlin.de\/en\/wp-json\/wp\/v2\/pages\/17604\/revisions"}],"predecessor-version":[{"id":17914,"href":"https:\/\/csd-berlin.de\/en\/wp-json\/wp\/v2\/pages\/17604\/revisions\/17914"}],"up":[{"embeddable":true,"href":"https:\/\/csd-berlin.de\/en\/wp-json\/wp\/v2\/pages\/17593"}],"wp:attachment":[{"href":"https:\/\/csd-berlin.de\/en\/wp-json\/wp\/v2\/media?parent=17604"}],"curies":[{"name":"wp","href":"https:\/\/api.w.org\/{rel}","templated":true}]}}