{"id":26400,"date":"2025-07-07T11:27:25","date_gmt":"2025-07-07T09:27:25","guid":{"rendered":"https:\/\/csd-berlin.de\/?page_id=26400"},"modified":"2026-04-16T12:50:29","modified_gmt":"2026-04-16T10:50:29","slug":"campaign","status":"publish","type":"page","link":"https:\/\/csd-berlin.de\/en\/campaign\/","title":{"rendered":"Campaign"},"content":{"rendered":"<p>[et_pb_section fb_built=&#8221;1&#8243; _builder_version=&#8221;4.27.4&#8243; _module_preset=&#8221;default&#8221; locked=&#8221;off&#8221; global_colors_info=&#8221;{}&#8221;][et_pb_row column_structure=&#8221;2_3,1_3&#8243; _builder_version=&#8221;4.27.4&#8243; _module_preset=&#8221;default&#8221; global_colors_info=&#8221;{}&#8221;][et_pb_column type=&#8221;2_3&#8243; _builder_version=&#8221;4.27.4&#8243; _module_preset=&#8221;default&#8221; global_colors_info=&#8221;{}&#8221;][et_pb_text _builder_version=&#8221;4.27.4&#8243; _module_preset=&#8221;default&#8221; custom_margin=&#8221;||-4px|||&#8221; custom_padding=&#8221;||0px|||&#8221; global_colors_info=&#8221;{}&#8221;]<\/p>\n<h2 data-start=\"92\" data-end=\"111\"><strong data-start=\"92\" data-end=\"109\">Campaign 2026<\/strong><\/h2>\n<p>\ud83d\udd25 The Berlin Pride Association (<strong>Berliner CSD e. V.<\/strong>) is launching its <strong>campaign<\/strong> for Pride 2026. At its heart is this year\u2019s campaign slogan and the Pride motto: \u201c<strong>TAKING A STATEMENT IS HOT<\/strong>.\u201d This is complemented by various sub-slogans such as \u201cYour voice suits you,\u201d \u201cGreen Flags go vote,\u201d and \u201cHoney, being apolitical is so yesterday.\u201d<\/p>\n<p>&nbsp;<\/p>\n<p>Taking a stand is sexy. Taking a stand is cute. Taking a stand is hot. Together, we\u2019ll take a stand at Berlin Pride 2026. In a diverse campaign, the Berlin Pride Association is drawing attention to the 2026 Berlin House of Representatives election and encouraging civil society, businesses, the city, and the community to take a stand. The campaign deliberately uses \u201cdating language\u201d to motivate young people to vote. For the first time, 16- and 17-year-olds will be eligible to vote in this year\u2019s election to the House of Representatives. The campaign will run throughout Pride Month and beyond, leading up to the election.<\/p>\n<p>&nbsp;<\/p>\n<p>\ud83d\udce2 With the launch of its campaign, Berlin Pride is sending a clear message ahead of the Berlin House of Representatives elections: for an open society, for democratic values, and for equal rights for queer people.<\/p>\n<p>&nbsp;<\/p>\n<p>\u201cWe are facing an important election in Berlin. Therefore, we call on all Berliners to vote for parties that respect human dignity as inviolable and want to preserve and further develop Berlin as a rainbow capital. Our goal is for everyone who comes to Pride to also exercise their right to vote,\u201d says board member Julia Miosga of Berlin Pride e.V.<\/p>\n<p>&nbsp;<\/p>\n<h2><strong>\ud83c\udf89 Berlin Pride to Take Place Over Two Days for the First Time<\/strong><\/h2>\n<p>&nbsp;<\/p>\n<p>A key innovation in 2026 is the expansion of the Pride program: In addition to the demonstration and closing rally on July 25, 2026, Berlin Pride will, for the first time, hold a gathering at the Brandenburg Gate with three stages on<strong> Friday,<\/strong> <strong>July 24, 2026<\/strong>. A diverse evening celebrating democracy is planned from approximately 6 p.m. to 11 p.m., featuring music, artistic performances, and political contributions. The exact program will be announced shortly before Pride.<\/p>\n<p>&nbsp;<\/p>\n<p>\ud83c\udf1f This means Berlin Pride will dedicate an entire weekend to democracy and diversity \u2013 kicking off the biggest Pride weekend in its history. This year, Pride will express democracy in all its forms and celebrate the diversity of our society on both days.<\/p>\n<p>&nbsp;<\/p>\n<p>\ud83c\udf1f \u201cSome forces wish we would become quieter or smaller. Quite the opposite is true: With the additional Friday, we are making history and will do everything in our power to defend democracy and human rights more strongly than ever,\u201d adds board member Thomas Hoffmann.<\/p>\n<p>&nbsp;<\/p>\n<p>\ud83d\udccd On Saturday, July 25, 2026, the CSD demonstration will take place, followed by a rally at the Brandenburg Gate. The demonstration will once again proceed from Leipziger Stra\u00dfe via Potsdamer Platz, Nollendorfplatz, and Klingelh\u00f6ferstra\u00dfe to the Brandenburg Gate.<\/p>\n<p>&nbsp;<\/p>\n<p>With its expanded activities and campaign, Berlin CSD underscores its commitment to strengthening Berlin as a rainbow capital and simultaneously sending a message beyond the city limits. In a time of social polarization, we need unity and visible, confident, and supportive responses.<\/p>\n<p data-start=\"1176\" data-end=\"1531\"><span style=\"font-size: x-large;\">\ud83d\uddbc\ufe0f <strong data-start=\"1542\" data-end=\"1567\">Graphics &amp; Shareables<\/strong><\/span><\/p>\n<p data-start=\"1569\" data-end=\"1757\">You\u2019ll find a toolkit with <strong data-start=\"1596\" data-end=\"1645\">templates, logos, assets, and other documents<\/strong> to support you in creating your own designs follow soon.<\/p>\n<p data-start=\"1569\" data-end=\"1757\">\n<p data-start=\"1764\" data-end=\"1783\"><span style=\"font-size: x-large;\">\u270a <strong data-start=\"1766\" data-end=\"1783\">Get Involved!<\/strong><\/span><\/p>\n<p data-start=\"1785\" data-end=\"1994\">Whether at the demo, in working groups, in the forum, or online \u2013 <strong data-start=\"1851\" data-end=\"1910\">the political direction of CSD depends on participation<\/strong>. Stay up to date via our social media channels or sign up for our forum newsletter.<\/p>\n<p>[\/et_pb_text][et_pb_text _builder_version=&#8221;4.27.4&#8243; _module_preset=&#8221;default&#8221; global_colors_info=&#8221;{}&#8221;]<\/p>\n<div id=\"mc_embed_shell\">\n<p>&nbsp;<\/p>\n<div id=\"mc_embed_signup\">\n<form action=\"https:\/\/csd-berlin.us3.list-manage.com\/subscribe\/post?u=a355c5c0ae8d7e5b3c4ff1f1f&amp;id=e7c2da9b79&amp;f_id=005dc0e5f0\" method=\"post\" id=\"mc-embedded-subscribe-form\" name=\"mc-embedded-subscribe-form\" class=\"validate\" target=\"_blank\">\n<div id=\"mc_embed_signup_scroll\">\n<h2><span class=\"asterisk\" style=\"font-size: x-large; color: #2d2d2d;\">Subscribe to the Forum Newsletter<\/span><\/h2>\n<h2><span class=\"asterisk\" style=\"font-size: 16px; color: #2d2d2d;\">*<\/span><span style=\"font-size: 16px; color: #2d2d2d;\"> indicates required<\/span><\/h2>\n<div class=\"mc-field-group\"><label for=\"mce-EMAIL\">Mailadresse \/ Email Address <span class=\"asterisk\">*<\/span><\/label><input type=\"email\" name=\"EMAIL\" class=\"required email\" id=\"mce-EMAIL\" required=\"\" value=\"\" \/><\/div>\n<div class=\"mc-field-group\"><label for=\"mce-FNAME\">Vorname \/ First Name <\/label><input type=\"text\" name=\"FNAME\" class=\" text\" id=\"mce-FNAME\" value=\"\" \/><\/div>\n<div class=\"mc-field-group\"><label for=\"mce-LNAME\">Nachname \/ Last Name <\/label><input type=\"text\" name=\"LNAME\" class=\" text\" id=\"mce-LNAME\" value=\"\" \/><\/div>\n<div id=\"mce-responses\" class=\"clear foot\">\n<div class=\"response\" id=\"mce-error-response\" style=\"display: none;\"><\/div>\n<div class=\"response\" id=\"mce-success-response\" style=\"display: none;\"><\/div>\n<\/div>\n<div aria-hidden=\"true\" style=\"position: absolute; left: -5000px;\">\/* real people should not fill this in and expect good things &#8211; do not remove this or risk form bot signups *\/<br \/><input type=\"text\" name=\"b_a355c5c0ae8d7e5b3c4ff1f1f_e7c2da9b79\" tabindex=\"-1\" value=\"\" \/><\/div>\n<div class=\"optionalParent\">\n<div class=\"clear foot\">\n<p><input type=\"submit\" name=\"subscribe\" id=\"mc-embedded-subscribe\" class=\"button\" value=\"Subscribe\" \/><\/p>\n<p>&nbsp;<\/p>\n<p style=\"margin: 0px auto;\"><a href=\"http:\/\/eepurl.com\/jfP1Hw\" title=\"Mailchimp - email marketing made easy and fun\"><span style=\"display: inline-block; background-color: transparent; border-radius: 4px;\"><img decoding=\"async\" class=\"refferal_badge\" src=\"https:\/\/digitalasset.intuit.com\/render\/content\/dam\/intuit\/mc-fe\/en_us\/images\/intuit-mc-rewards-text-dark.svg\" alt=\"Intuit Mailchimp\" style=\"width: 220px; height: 40px; display: flex; padding: 2px 0px; justify-content: center; align-items: center;\" \/><\/span><\/a><\/p>\n<\/div>\n<\/div>\n<\/div>\n<\/form>\n<\/div>\n<p>\n<script type=\"text\/javascript\" src=\"\/\/s3.amazonaws.com\/downloads.mailchimp.com\/js\/mc-validate.js\"><\/script><br \/>\n<script type=\"text\/javascript\">(function($) {window.fnames = new Array(); window.ftypes = new Array();fnames[0]='EMAIL';ftypes[0]='email';fnames[1]='FNAME';ftypes[1]='text';fnames[2]='LNAME';ftypes[2]='text';\/*\n * Translated default messages for the $ validation plugin.\n * Locale: DE\n *\/\n$.extend($.validator.messages, {\n\trequired: \"Dieses Feld ist ein Pflichtfeld.\",\n\tmaxlength: $.validator.format(\"Geben Sie bitte maximal {0} Zeichen ein.\"),\n\tminlength: $.validator.format(\"Geben Sie bitte mindestens {0} Zeichen ein.\"),\n\trangelength: $.validator.format(\"Geben Sie bitte mindestens {0} und maximal {1} Zeichen ein.\"),\n\temail: \"Geben Sie bitte eine g\u00fcltige E-Mail Adresse ein.\",\n\turl: \"Geben Sie bitte eine g\u00fcltige URL ein.\",\n\tdate: \"Bitte geben Sie ein g\u00fcltiges Datum ein.\",\n\tnumber: \"Geben Sie bitte eine Nummer ein.\",\n\tdigits: \"Geben Sie bitte nur Ziffern ein.\",\n\tequalTo: \"Bitte denselben Wert wiederholen.\",\n\trange: $.validator.format(\"Geben Sie bitten einen Wert zwischen {0} und {1}.\"),\n\tmax: $.validator.format(\"Geben Sie bitte einen Wert kleiner oder gleich {0} ein.\"),\n\tmin: $.validator.format(\"Geben Sie bitte einen Wert gr\u00f6\u00dfer oder gleich {0} ein.\"),\n\tcreditcard: \"Geben Sie bitte ein g\u00fcltige Kreditkarten-Nummer ein.\"\n});}(jQuery));var $mcj = jQuery.noConflict(true);<\/script>\n<\/p>\n<\/div>\n<p>[\/et_pb_text][\/et_pb_column][et_pb_column type=&#8221;1_3&#8243; _builder_version=&#8221;4.27.4&#8243; _module_preset=&#8221;default&#8221; global_colors_info=&#8221;{}&#8221;][et_pb_image src=&#8221;https:\/\/csd-berlin.de\/wp-content\/uploads\/2026\/04\/3.jpg&#8221; alt=&#8221;Nie wieder still&#8221; title_text=&#8221;Haltung ist Hot Motiv 3&#8243; _builder_version=&#8221;4.27.6&#8243; _module_preset=&#8221;default&#8221; hover_enabled=&#8221;0&#8243; global_colors_info=&#8221;{}&#8221; sticky_enabled=&#8221;0&#8243;][\/et_pb_image][et_pb_image src=&#8221;https:\/\/csd-berlin.de\/wp-content\/uploads\/2026\/04\/1.jpg&#8221; title_text=&#8221;Haltung ist Hot Motiv 1&#8243; _builder_version=&#8221;4.27.6&#8243; _module_preset=&#8221;default&#8221; hover_enabled=&#8221;0&#8243; global_colors_info=&#8221;{}&#8221; sticky_enabled=&#8221;0&#8243;][\/et_pb_image][\/et_pb_column][\/et_pb_row][\/et_pb_section]<\/p>\n","protected":false},"excerpt":{"rendered":"<p>Campaign 2026 \ud83d\udd25 The Berlin Pride Association (Berliner CSD e. V.) is launching its campaign for Pride 2026. At its heart is this year\u2019s campaign slogan and the Pride motto: \u201cTAKING A STATEMENT IS HOT.\u201d This is complemented by various sub-slogans such as \u201cYour voice suits you,\u201d \u201cGreen Flags go vote,\u201d and \u201cHoney, being apolitical [&hellip;]<\/p>\n","protected":false},"author":20,"featured_media":27301,"parent":0,"menu_order":0,"comment_status":"closed","ping_status":"closed","template":"page-csd.php","meta":{"_acf_changed":false,"_et_pb_use_builder":"on","_et_pb_old_content":"","_et_gb_content_width":"","inline_featured_image":false,"footnotes":""},"class_list":["post-26400","page","type-page","status-publish","has-post-thumbnail","hentry"],"acf":[],"yoast_head":"<!-- This site is optimized with the Yoast SEO plugin v27.0 - https:\/\/yoast.com\/product\/yoast-seo-wordpress\/ -->\n<title>Campaign &#8211; Berlin Pride | CSD Berlin 25.07.2026<\/title>\n<meta name=\"robots\" content=\"index, follow, max-snippet:-1, max-image-preview:large, max-video-preview:-1\" \/>\n<link rel=\"canonical\" href=\"https:\/\/csd-berlin.de\/en\/campaign\/\" \/>\n<meta property=\"og:locale\" content=\"en_US\" \/>\n<meta property=\"og:type\" content=\"article\" \/>\n<meta property=\"og:title\" content=\"Campaign &#8211; Berlin Pride | CSD Berlin 25.07.2026\" \/>\n<meta property=\"og:description\" content=\"Campaign 2026 \ud83d\udd25 The Berlin Pride Association (Berliner CSD e. V.) is launching its campaign for Pride 2026. At its heart is this year\u2019s campaign slogan and the Pride motto: \u201cTAKING A STATEMENT IS HOT.\u201d This is complemented by various sub-slogans such as \u201cYour voice suits you,\u201d \u201cGreen Flags go vote,\u201d and \u201cHoney, being apolitical [&hellip;]\" \/>\n<meta property=\"og:url\" content=\"https:\/\/csd-berlin.de\/en\/campaign\" \/>\n<meta property=\"og:site_name\" content=\"Berlin Pride | CSD Berlin 25.07.2026\" \/>\n<meta property=\"article:publisher\" content=\"https:\/\/facebook.com\/BerlinerCSD\" \/>\n<meta property=\"article:modified_time\" content=\"2026-04-16T10:50:29+00:00\" \/>\n<meta property=\"og:image\" content=\"https:\/\/csd-berlin.de\/wp-content\/uploads\/2026\/04\/3.jpg\" \/>\n\t<meta property=\"og:image:width\" content=\"1080\" \/>\n\t<meta property=\"og:image:height\" content=\"1350\" \/>\n\t<meta property=\"og:image:type\" content=\"image\/jpeg\" \/>\n<meta name=\"twitter:card\" content=\"summary_large_image\" \/>\n<meta name=\"twitter:site\" content=\"@CSD_Berlin\" \/>\n<meta name=\"twitter:label1\" content=\"Est. reading time\" \/>\n\t<meta name=\"twitter:data1\" content=\"4 minutes\" \/>\n<script type=\"application\/ld+json\" class=\"yoast-schema-graph\">{\"@context\":\"https:\/\/schema.org\",\"@graph\":[{\"@type\":\"WebPage\",\"@id\":\"https:\/\/csd-berlin.de\/en\/campaign\/\",\"url\":\"https:\/\/csd-berlin.de\/en\/campaign\/\",\"name\":\"Campaign &#8211; Berlin Pride | CSD Berlin 25.07.2026\",\"isPartOf\":{\"@id\":\"https:\/\/csd-berlin.de\/en\/#website\"},\"primaryImageOfPage\":{\"@id\":\"https:\/\/csd-berlin.de\/en\/campaign\/#primaryimage\"},\"image\":{\"@id\":\"https:\/\/csd-berlin.de\/en\/campaign\/#primaryimage\"},\"thumbnailUrl\":\"https:\/\/csd-berlin.de\/wp-content\/uploads\/2026\/04\/3.jpg\",\"datePublished\":\"2025-07-07T09:27:25+00:00\",\"dateModified\":\"2026-04-16T10:50:29+00:00\",\"breadcrumb\":{\"@id\":\"https:\/\/csd-berlin.de\/en\/campaign\/#breadcrumb\"},\"inLanguage\":\"en-US\",\"potentialAction\":[{\"@type\":\"ReadAction\",\"target\":[\"https:\/\/csd-berlin.de\/en\/campaign\/\"]}]},{\"@type\":\"ImageObject\",\"inLanguage\":\"en-US\",\"@id\":\"https:\/\/csd-berlin.de\/en\/campaign\/#primaryimage\",\"url\":\"https:\/\/csd-berlin.de\/wp-content\/uploads\/2026\/04\/3.jpg\",\"contentUrl\":\"https:\/\/csd-berlin.de\/wp-content\/uploads\/2026\/04\/3.jpg\",\"width\":1080,\"height\":1350},{\"@type\":\"BreadcrumbList\",\"@id\":\"https:\/\/csd-berlin.de\/en\/campaign\/#breadcrumb\",\"itemListElement\":[{\"@type\":\"ListItem\",\"position\":1,\"name\":\"Startseite\",\"item\":\"https:\/\/csd-berlin.de\/en\/\"},{\"@type\":\"ListItem\",\"position\":2,\"name\":\"Campaign\"}]},{\"@type\":\"WebSite\",\"@id\":\"https:\/\/csd-berlin.de\/en\/#website\",\"url\":\"https:\/\/csd-berlin.de\/en\/\",\"name\":\"Berlin Pride | CSD Berlin 25.07.2026\",\"description\":\"\",\"publisher\":{\"@id\":\"https:\/\/csd-berlin.de\/en\/#organization\"},\"potentialAction\":[{\"@type\":\"SearchAction\",\"target\":{\"@type\":\"EntryPoint\",\"urlTemplate\":\"https:\/\/csd-berlin.de\/en\/?s={search_term_string}\"},\"query-input\":{\"@type\":\"PropertyValueSpecification\",\"valueRequired\":true,\"valueName\":\"search_term_string\"}}],\"inLanguage\":\"en-US\"},{\"@type\":\"Organization\",\"@id\":\"https:\/\/csd-berlin.de\/en\/#organization\",\"name\":\"Berliner CSD e.V.\",\"alternateName\":\"CSD Berlin\",\"url\":\"https:\/\/csd-berlin.de\/en\/\",\"logo\":{\"@type\":\"ImageObject\",\"inLanguage\":\"en-US\",\"@id\":\"https:\/\/csd-berlin.de\/en\/#\/schema\/logo\/image\/\",\"url\":\"https:\/\/csd-berlin.de\/wp-content\/uploads\/2021\/12\/Bildschirmfoto-2021-12-17-um-18.34.13.jpg\",\"contentUrl\":\"https:\/\/csd-berlin.de\/wp-content\/uploads\/2021\/12\/Bildschirmfoto-2021-12-17-um-18.34.13.jpg\",\"width\":500,\"height\":600,\"caption\":\"Berliner CSD e.V.\"},\"image\":{\"@id\":\"https:\/\/csd-berlin.de\/en\/#\/schema\/logo\/image\/\"},\"sameAs\":[\"https:\/\/facebook.com\/BerlinerCSD\",\"https:\/\/x.com\/CSD_Berlin\",\"https:\/\/www.instagram.com\/csd.berlin.pride\/\"]}]}<\/script>\n<!-- \/ Yoast SEO plugin. -->","yoast_head_json":{"title":"Campaign &#8211; Berlin Pride | CSD Berlin 25.07.2026","robots":{"index":"index","follow":"follow","max-snippet":"max-snippet:-1","max-image-preview":"max-image-preview:large","max-video-preview":"max-video-preview:-1"},"canonical":"https:\/\/csd-berlin.de\/en\/campaign\/","og_locale":"en_US","og_type":"article","og_title":"Campaign &#8211; Berlin Pride | CSD Berlin 25.07.2026","og_description":"Campaign 2026 \ud83d\udd25 The Berlin Pride Association (Berliner CSD e. V.) is launching its campaign for Pride 2026. At its heart is this year\u2019s campaign slogan and the Pride motto: \u201cTAKING A STATEMENT IS HOT.\u201d This is complemented by various sub-slogans such as \u201cYour voice suits you,\u201d \u201cGreen Flags go vote,\u201d and \u201cHoney, being apolitical [&hellip;]","og_url":"https:\/\/csd-berlin.de\/en\/campaign","og_site_name":"Berlin Pride | CSD Berlin 25.07.2026","article_publisher":"https:\/\/facebook.com\/BerlinerCSD","article_modified_time":"2026-04-16T10:50:29+00:00","og_image":[{"width":1080,"height":1350,"url":"https:\/\/csd-berlin.de\/wp-content\/uploads\/2026\/04\/3.jpg","type":"image\/jpeg"}],"twitter_card":"summary_large_image","twitter_site":"@CSD_Berlin","twitter_misc":{"Est. reading time":"4 minutes"},"schema":{"@context":"https:\/\/schema.org","@graph":[{"@type":"WebPage","@id":"https:\/\/csd-berlin.de\/en\/campaign\/","url":"https:\/\/csd-berlin.de\/en\/campaign\/","name":"Campaign &#8211; Berlin Pride | CSD Berlin 25.07.2026","isPartOf":{"@id":"https:\/\/csd-berlin.de\/en\/#website"},"primaryImageOfPage":{"@id":"https:\/\/csd-berlin.de\/en\/campaign\/#primaryimage"},"image":{"@id":"https:\/\/csd-berlin.de\/en\/campaign\/#primaryimage"},"thumbnailUrl":"https:\/\/csd-berlin.de\/wp-content\/uploads\/2026\/04\/3.jpg","datePublished":"2025-07-07T09:27:25+00:00","dateModified":"2026-04-16T10:50:29+00:00","breadcrumb":{"@id":"https:\/\/csd-berlin.de\/en\/campaign\/#breadcrumb"},"inLanguage":"en-US","potentialAction":[{"@type":"ReadAction","target":["https:\/\/csd-berlin.de\/en\/campaign\/"]}]},{"@type":"ImageObject","inLanguage":"en-US","@id":"https:\/\/csd-berlin.de\/en\/campaign\/#primaryimage","url":"https:\/\/csd-berlin.de\/wp-content\/uploads\/2026\/04\/3.jpg","contentUrl":"https:\/\/csd-berlin.de\/wp-content\/uploads\/2026\/04\/3.jpg","width":1080,"height":1350},{"@type":"BreadcrumbList","@id":"https:\/\/csd-berlin.de\/en\/campaign\/#breadcrumb","itemListElement":[{"@type":"ListItem","position":1,"name":"Startseite","item":"https:\/\/csd-berlin.de\/en\/"},{"@type":"ListItem","position":2,"name":"Campaign"}]},{"@type":"WebSite","@id":"https:\/\/csd-berlin.de\/en\/#website","url":"https:\/\/csd-berlin.de\/en\/","name":"Berlin Pride | CSD Berlin 25.07.2026","description":"","publisher":{"@id":"https:\/\/csd-berlin.de\/en\/#organization"},"potentialAction":[{"@type":"SearchAction","target":{"@type":"EntryPoint","urlTemplate":"https:\/\/csd-berlin.de\/en\/?s={search_term_string}"},"query-input":{"@type":"PropertyValueSpecification","valueRequired":true,"valueName":"search_term_string"}}],"inLanguage":"en-US"},{"@type":"Organization","@id":"https:\/\/csd-berlin.de\/en\/#organization","name":"Berliner CSD e.V.","alternateName":"CSD Berlin","url":"https:\/\/csd-berlin.de\/en\/","logo":{"@type":"ImageObject","inLanguage":"en-US","@id":"https:\/\/csd-berlin.de\/en\/#\/schema\/logo\/image\/","url":"https:\/\/csd-berlin.de\/wp-content\/uploads\/2021\/12\/Bildschirmfoto-2021-12-17-um-18.34.13.jpg","contentUrl":"https:\/\/csd-berlin.de\/wp-content\/uploads\/2021\/12\/Bildschirmfoto-2021-12-17-um-18.34.13.jpg","width":500,"height":600,"caption":"Berliner CSD e.V."},"image":{"@id":"https:\/\/csd-berlin.de\/en\/#\/schema\/logo\/image\/"},"sameAs":["https:\/\/facebook.com\/BerlinerCSD","https:\/\/x.com\/CSD_Berlin","https:\/\/www.instagram.com\/csd.berlin.pride\/"]}]}},"_links":{"self":[{"href":"https:\/\/csd-berlin.de\/en\/wp-json\/wp\/v2\/pages\/26400","targetHints":{"allow":["GET"]}}],"collection":[{"href":"https:\/\/csd-berlin.de\/en\/wp-json\/wp\/v2\/pages"}],"about":[{"href":"https:\/\/csd-berlin.de\/en\/wp-json\/wp\/v2\/types\/page"}],"author":[{"embeddable":true,"href":"https:\/\/csd-berlin.de\/en\/wp-json\/wp\/v2\/users\/20"}],"replies":[{"embeddable":true,"href":"https:\/\/csd-berlin.de\/en\/wp-json\/wp\/v2\/comments?post=26400"}],"version-history":[{"count":11,"href":"https:\/\/csd-berlin.de\/en\/wp-json\/wp\/v2\/pages\/26400\/revisions"}],"predecessor-version":[{"id":27321,"href":"https:\/\/csd-berlin.de\/en\/wp-json\/wp\/v2\/pages\/26400\/revisions\/27321"}],"wp:featuredmedia":[{"embeddable":true,"href":"https:\/\/csd-berlin.de\/en\/wp-json\/wp\/v2\/media\/27301"}],"wp:attachment":[{"href":"https:\/\/csd-berlin.de\/en\/wp-json\/wp\/v2\/media?parent=26400"}],"curies":[{"name":"wp","href":"https:\/\/api.w.org\/{rel}","templated":true}]}}