{"id":6219,"date":"2019-05-05T19:39:44","date_gmt":"2019-05-05T17:39:44","guid":{"rendered":"https:\/\/csd-berlin.de\/impressum\/"},"modified":"2026-04-13T19:22:29","modified_gmt":"2026-04-13T17:22:29","slug":"imprint","status":"publish","type":"page","link":"https:\/\/csd-berlin.de\/en\/imprint\/","title":{"rendered":"Imprint"},"content":{"rendered":"<p>[et_pb_section fb_built=&#8221;1&#8243; admin_label=&#8221;section&#8221; _builder_version=&#8221;4.16&#8243; global_colors_info=&#8221;{}&#8221;][et_pb_row admin_label=&#8221;row&#8221; _builder_version=&#8221;4.27.0&#8243; background_size=&#8221;initial&#8221; background_position=&#8221;top_left&#8221; background_repeat=&#8221;repeat&#8221; global_colors_info=&#8221;{}&#8221;][et_pb_column type=&#8221;4_4&#8243; _builder_version=&#8221;4.16&#8243; custom_padding=&#8221;|||&#8221; global_colors_info=&#8221;{}&#8221; custom_padding__hover=&#8221;|||&#8221;][et_pb_text admin_label=&#8221;Text&#8221; _builder_version=&#8221;4.17.4&#8243; background_size=&#8221;initial&#8221; background_position=&#8221;top_left&#8221; background_repeat=&#8221;repeat&#8221; global_colors_info=&#8221;{}&#8221;]<\/p>\n<p>Transparency and open communication are self-evident for the Berliner CSD e.V.. Important information about the Berliner CSD e.V. and how you can easily get in touch can be found here.<span style=\"font-size: 16px;\">\u00a0<\/span><\/p>\n<p><!-- \/divi:paragraph -->[\/et_pb_text][et_pb_text admin_label=&#8221;Text&#8221; _builder_version=&#8221;4.17.4&#8243; background_size=&#8221;initial&#8221; background_position=&#8221;top_left&#8221; background_repeat=&#8221;repeat&#8221; global_colors_info=&#8221;{}&#8221;]<!-- divi:paragraph --><\/p>\n<p><strong>Provider of these Internet pages:<\/strong><\/p>\n<p><strong> <\/strong><\/p>\n<p><strong>Imprint:<br \/><\/strong><!-- divi:paragraph -->Berliner CSD e.V.<br \/><span>Kolonnenstra\u00dfe 46<br \/>D-10829 Berlin<\/span><\/p>\n<p><strong>Contact:<\/strong><br \/><!-- \/divi:paragraph --><!-- divi:paragraph -->Telefon: <span>+4915127140712\u00a0<\/span><br \/>Telefax: N\/A<br \/>E-Mail: <a href=\"mailto:office@csd-berlin.de\">office@csd-berlin.de<\/a><br \/>Internet: <a href=\"https:\/\/csd-berlin.de\/en\/\"><\/a><a href=\"https:\/\/csd-berlin.de\/en\/\">https:\/\/csd-berlin.de<\/a><\/p>\n<p><!-- \/divi:paragraph -->[\/et_pb_text][et_pb_text admin_label=&#8221;Text&#8221; _builder_version=&#8221;4.17.4&#8243; background_size=&#8221;initial&#8221; background_position=&#8221;top_left&#8221; background_repeat=&#8221;repeat&#8221; global_colors_info=&#8221;{}&#8221;]<!-- divi:paragraph --><!-- divi:paragraph --><\/p>\n<p>Register of associations: Charlottenburg Local Court of Berlin<br \/>Register number : 18964 Nz<!-- \/divi:paragraph --> <!-- divi:paragraph --><\/p>\n<p><a href=\"\/satzung-und-ordnungen\">Statute of the CSD Berlin e.V.\u00a0<\/a><!-- \/divi:paragraph --> <!-- divi:paragraph --><\/p>\n<p>Tax ID 27\/661\/53709<br \/>Sales Tax ID: DE 209582385<\/p>\n<p><!-- \/divi:paragraph -->[\/et_pb_text][et_pb_text admin_label=&#8221;Text&#8221; _builder_version=&#8221;4.17.4&#8243; background_size=&#8221;initial&#8221; background_position=&#8221;top_left&#8221; background_repeat=&#8221;repeat&#8221; global_colors_info=&#8221;{}&#8221;]<!-- divi:paragraph --><!-- divi:paragraph --><!-- divi:paragraph --><\/p>\n<p><strong>Responsible for content according to \u00a7 5 TMG and \u00a755 Abs. 2 RStV: Berliner CSD e. V. represented by the executive committee:<\/strong><br \/><span>Carolina P., Julia M., Manfred L., Marcel V., Thomas H. <\/span>(chairmen and chairwomen)<!-- \/divi:paragraph --> <!-- divi:paragraph --><\/p>\n<p><strong>Conceptual implementation of the site was led by:<\/strong><br \/>MOVACT<\/p>\n<p>&nbsp;<\/p>\n<p><!-- \/divi:paragraph -->[\/et_pb_text][et_pb_text admin_label=&#8221;Text&#8221; _builder_version=&#8221;4.17.4&#8243; background_size=&#8221;initial&#8221; background_position=&#8221;top_left&#8221; background_repeat=&#8221;repeat&#8221; global_colors_info=&#8221;{}&#8221;]<!-- divi:paragraph --><!-- divi:paragraph --><!-- divi:paragraph --><!-- divi:paragraph --><\/p>\n<p><strong>Domains of these internet pages (in alphabetic order):\u00a0<\/strong><!-- \/divi:paragraph --><!-- divi:list --><\/p>\n<ul>\n<li>berlin-csd.de<\/li>\n<li>berlin-pride.de<\/li>\n<li>csd-berlin.de<\/li>\n<li>csdberlin.de<\/li>\n<li>pride-germany.de\u00a0<\/li>\n<\/ul>\n<p>&nbsp;<\/p>\n<p><!-- \/divi:paragraph -->[\/et_pb_text][et_pb_text admin_label=&#8221;Text&#8221; _builder_version=&#8221;4.17.4&#8243; background_size=&#8221;initial&#8221; background_position=&#8221;top_left&#8221; background_repeat=&#8221;repeat&#8221; global_colors_info=&#8221;{}&#8221;]<!-- divi:paragraph --><!-- divi:paragraph --><!-- divi:paragraph --><!-- divi:paragraph --><\/p>\n<p><span style=\"font-size: 16px; text-align: justify;\">No guarantee for contents: Berliner CSD e.V. makes every effort to ensure that the information provided on this website is correct and up-to-date. Nevertheless, errors and ambiguities cannot be completely excluded. Therefore, the Berliner CSD e.V. does not guarantee the timeliness, accuracy, completeness or quality of the information provided. The Berliner CSD e.V. is not liable for material or immaterial damages caused directly or indirectly by the use or non-use of the information provided or by the use of incorrect or incomplete information, unless it can be proven that the Berliner CSD e.V. acted with intent or gross negligence. The same applies to software made available for download free of charge. The Berliner CSD e.V. reserves the right to change, supplement or delete parts of the website or the entire website without prior notice, or to cease publication temporarily or permanently. No responsibility for external content: Responsibility for &#8220;third-party content&#8221;, which is provided, for example, through direct or indirect links (e.g. so-called &#8220;links&#8221;) to other providers, presupposes, among other things, positive knowledge of the illegal or punishable content. The same applies to private websites of employees.<\/span><\/p>\n<p style=\"text-align: justify;\"><!-- \/divi:paragraph --><\/p>\n<p style=\"text-align: justify;\"><!-- divi:paragraph --><\/p>\n<p style=\"text-align: justify;\">The Berliner CSD e.V. has no influence whatsoever on &#8220;third-party content&#8221; and does not adopt this content as its own. The Berliner CSD e.V. has no knowledge of illegal or offensive content on the pages of third party providers linked to this website. Should the linked pages of other providers nevertheless contain illegal or offensive content, the Berliner CSD e.V. expressly distances itself from this content. No advice: The information provided on the Internet pages does not constitute individual advice and cannot replace it. Our staff will be happy to provide you with individual advice.<\/p>\n<p style=\"text-align: justify;\"><!-- \/divi:paragraph --><\/p>\n<p style=\"text-align: justify;\"><!-- divi:paragraph --><\/p>\n<p style=\"text-align: justify;\">Analytics: This website uses Google Analytics, a web analytics service provided by Google, Inc (&#8220;Google&#8221;). Google Analytics uses &#8220;cookies&#8221;, which are text files placed on your computer, to help the website analyze how users use the site. The information generated by the cookie about your website usage (including your IP address) is transferred and stored by Google on servers located in the United States. Google uses this information to evaluate your website usage, compile reports on website activity for the website operator, and provide other services related to website activity and Internet usage. Google may also transfer this information to third parties where required to do so by law, or where such third parties process information on Google&#8217;s behalf. Google will not associate your IP address with any other data held by Google. You may refuse the use of cookies by selecting the appropriate settings on your browser. However, please note that if you do so, you may not be able to use the full functionality of this website. By using this website, you consent to the processing of your data by Google in the manner and for the purposes described above. You can prevent the collection and transfer of Analytics data by installing the &#8220;Google Analytics Opt-out Browser Add-on&#8221; available from Google. Cookies: in order to be able to associate (personalize) the services offered on the site to the user, Otis places cookies. Cookies are small text files that are sent to and stored on a user&#8217;s computer. This allows sites such as Otis.com to recognize repeat users, facilitate site access for the user, or create data summaries that can be used to improve site content. Cookies do not harm a user&#8217;s computer or files. We use cookies so that we can provide information and services tailored to your preferences and needs. If a user does not want Otis to be able to work with cookies, most browsers offer the option to reject or disable cookies. However, please note that cookies may be necessary for the proper functioning of the Otis.com site or for certain features. Copyright \/ use of Internet pages: The content, layout, design of the Internet pages, the graphics used and the other content Internet pages are protected by copyright. Reproduction of the pages or their contents requires the prior written consent of Berliner CSD e.V., unless reproduction is already permitted by law.<\/p>\n<p><!-- \/divi:paragraph -->[\/et_pb_text][\/et_pb_column][\/et_pb_row][\/et_pb_section]<\/p>\n","protected":false},"excerpt":{"rendered":"<p>Transparency and open communication are self-evident for the Berliner CSD e.V.. Important information about the Berliner CSD e.V. and how you can easily get in touch can be found here.\u00a0 Provider of these Internet pages: Imprint:Berliner CSD e.V.Kolonnenstra\u00dfe 46D-10829 Berlin Contact:Telefon: +4915127140712\u00a0Telefax: N\/AE-Mail: office@csd-berlin.deInternet: https:\/\/csd-berlin.de Register of associations: Charlottenburg Local Court of BerlinRegister number : [&hellip;]<\/p>\n","protected":false},"author":1,"featured_media":0,"parent":0,"menu_order":950,"comment_status":"closed","ping_status":"closed","template":"page-csd.php","meta":{"_acf_changed":false,"_et_pb_use_builder":"on","_et_pb_old_content":"<!-- wp:paragraph -->\n<p>Transparenz und offene Kommunikation sind f\u00fcr den Berliner CSD e.V. selbstverst\u00e4ndlich. Wichtige Informationen \u00fcber den Berliner CSD e.V. und wie Sie einfach Kontakt aufnehmen k\u00f6nnen, finden Sie hier.<\/p>\n<!-- \/wp:paragraph -->\n\n<!-- wp:paragraph -->\n<p><strong>Anbieter dieser Internet-Seiten:<\/strong><\/p>\n<!-- \/wp:paragraph -->\n\n<!-- wp:paragraph -->\n<p>Berliner CSD e.V.<br>Courbi\u00e8restra\u00dfe 6<br>D-10787 Berlin<\/p>\n<!-- \/wp:paragraph -->\n\n<!-- wp:paragraph -->\n<p>Telefon: +49-30- 23 62 86 32<br>Telefax: +49-30- 23 62 86 34<br>E-Mail: <a href=\"mailto:info@csd-berlin.de\">info@csd-berlin.de<\/a><br>Internet: <a href=\"https:\/\/csd-berlin.de\"><\/a><a href=\"https:\/\/csd-berlin.de\/\">https:\/\/csd-berlin.de<\/a><\/p>\n<!-- \/wp:paragraph -->\n\n<!-- wp:paragraph -->\n<p>Vereinsregister: Amtsgericht Charlottenburg von Berlin<br>Registernummer : 18964 Nz<\/p>\n<!-- \/wp:paragraph -->\n\n<!-- wp:paragraph -->\n<p><a href=\"\/satzung-und-ordnungen\">Satzung des Berliner CSD e.V.<\/a><\/p>\n<!-- \/wp:paragraph -->\n\n<!-- wp:paragraph -->\n<p>Steuernummer 27\/661\/53709<br>Ust-IdNr.: DE 209582385<\/p>\n<!-- \/wp:paragraph -->\n\n<!-- wp:paragraph -->\n<p><strong>Inhaltlich verantwortlich gem\u00e4\u00df \u00a7 5 TMG und \u00a755 Abs. 2 RStV: Berliner CSD e. V. vertreten durch den Vorstand:<\/strong><br>Monique King, Alexandra Knoke, Stefan Kuschner, David Staeglich, Andreas Weschke<\/p>\n<!-- \/wp:paragraph -->\n\n<!-- wp:paragraph -->\n<p><strong>Konzeptionelle Beratung und Umsetzung:<\/strong><br>MOVACT \u2013 <a href=\"https:\/\/movact.de\">movact.de<\/a><\/p>\n<!-- \/wp:paragraph -->\n\n<!-- wp:paragraph -->\n<p><strong>Domains dieser Internetseiten (alphabetisch):<\/strong><\/p>\n<!-- \/wp:paragraph -->\n\n<!-- wp:list -->\n<ul><li>berlin-csd.de<\/li><li>berlin-pride.de<\/li><li>csd-berlin.de<\/li><li>csdberlin.de<\/li><li>pride-germany.de<\/li><\/ul>\n<!-- \/wp:list -->\n\n<!-- wp:paragraph -->\n<p>Keine Gew\u00e4hr f\u00fcr Inhalte: Der Berliner CSD e.V. ist um Richtigkeit und Aktualit\u00e4t der auf dieser Internetpr\u00e4senz bereitgestellten Informationen bem\u00fcht. Trotzdem k\u00f6nnen Fehler und Unklarheiten nicht vollst\u00e4ndig ausgeschlossen werden. Der Berliner CSD e.V. \u00fcbernimmt deshalb keine Gew\u00e4hr f\u00fcr die Aktualit\u00e4t, Richtigkeit, Vollst\u00e4ndigkeit oder Qualit\u00e4t der bereitgestellten Informationen. F\u00fcr Sch\u00e4den materieller oder immaterieller Art, die durch die Nutzung oder Nichtnutzung der dargebotenen Informationen bzw. durch die Nutzung fehlerhafter und unvollst\u00e4ndiger Informationen unmittelbar oder mittelbar verursacht werden, haftet der Berliner CSD e.V. nicht, sofern ihm nicht nachweislich vors\u00e4tzliches oder grob fahrl\u00e4ssiges Verschulden zur Last f\u00e4llt. Gleiches gilt f\u00fcr kostenlos zum Download bereitgehaltene Software. Der Berliner CSD e.V. beh\u00e4lt es sich vor, Teile des Internetangebots oder das gesamte Angebot ohne gesonderte Ank\u00fcndigung zu ver\u00e4ndern, zu erg\u00e4nzen, zu l\u00f6schen oder die Ver\u00f6ffentlichung zeitweise oder endg\u00fcltig einzustellen. Keine Gew\u00e4hr f\u00fcr fremde Inhalte: Die Verantwortlichkeit f\u00fcr \u201efremde Inhalte\u201c, die beispielsweise durch direkte oder indirekte Verkn\u00fcpfungen (z.B. sogenannte \u201eLinks\u201c) zu anderen Anbietern bereitgehalten werden, setzt unter anderem positive Kenntnis des rechtswidrigen bzw. strafbaren Inhaltes voraus. Gleiches gilt f\u00fcr private Webseiten der Mitarbeiter.<\/p>\n<!-- \/wp:paragraph -->\n\n<!-- wp:paragraph -->\n<p>Der Berliner CSD e.V. hat auf \u201efremde Inhalte\u201c keinerlei Einfluss und macht sich diese Inhalte auch nicht zu Eigen. Der Berliner CSD e.V. hat keine Kenntnis \u00fcber rechtswidrige oder anst\u00f6\u00dfige Inhalte auf den mit dieser Internetpr\u00e4senz verkn\u00fcpften Seiten fremder Anbieter. Sollten auf den verkn\u00fcpften Seiten fremder Anbieter dennoch rechtswidrige oder anst\u00f6\u00dfige Inhalte enthalten sein, so distanziert sich der Berliner CSD e.V. von diesen Inhalten ausdr\u00fccklich. Keine Beratung: Die auf den Internet-Seiten bereitgestellten Informationen stellen keine individuelle Beratung dar und k\u00f6nnen diese nicht ersetzen. F\u00fcr individuelle Beratungsgespr\u00e4che stehen Ihnen unsere Mitarbeiter gerne zur Verf\u00fcgung.<\/p>\n<!-- \/wp:paragraph -->\n\n<!-- wp:paragraph -->\n<p>Analytics: Diese Website verwendet Google Analytics, einen von Google, Inc. (\u201eGoogle\u201c) angebotenen Webanalyse-Service. Google Analytics verwendet \u201eCookies\u201c, das hei\u00dft, in Ihrem Computer vorhandene Textdateien, um die Website in der Analyse der Art der Website-Nutzung durch Benutzer zu unterst\u00fctzen. Die vom Cookie generierten Informationen \u00fcber Ihre Website-Nutzung (einschlie\u00dflich Ihrer IP-Adresse) werden von Google auf Server \u00fcbertragen und gespeichert, die sich in den Vereinigten Staaten befinden. Google verwendet diese Informationen f\u00fcr die Bewertung Ihrer Website-Nutzung, kompiliert Berichte \u00fcber Website-Aktivit\u00e4ten f\u00fcr die Website-Operator und bietet sonstige Dienstleistungen in Bezug auf die Website-Aktivit\u00e4t und Internetnutzung. Google kann diese Informationen ebenfalls an dritte Parteien \u00fcbertragen, sofern dies nach dem Gesetz vorgeschrieben ist oder diese dritten Parteien im Auftrag von Google Informationen verarbeiten. Google wird Ihre IP-Adresse nicht mit anderen, von Google gehaltenen Daten verkn\u00fcpfen. Sie k\u00f6nnen die Nutzung von Cookies ablehnen, indem Sie die passenden Einstellungen in Ihrem Browser vornehmen. Beachten Sie jedoch bitte, dass Sie in diesem Fall m\u00f6glicherweise nicht in der Lage sein werden, die volle Funktionalit\u00e4t dieser Website zu nutzen. Durch Nutzung dieser Website stimmen Sie der Verarbeitung Ihrer Daten durch Google in der Weise und zu den Zwecken zu, die vorstehend beschrieben sind. Sie k\u00f6nnen die Erfassung und \u00dcbertragung von Analytics-Daten verhindern, indem Sie das von Google verf\u00fcgbare \u201eGoogle Analytics Opt-out Browser Add-on\u201c installieren. Cookies: Um die auf der Site angebotenen Leistungen dem Nutzer zuordnen (personalisieren) zu k\u00f6nnen, platziert Otis Cookies. Bei Cookies handelt es sich um kleine Textdateien, die an den Computer eines Nutzers geschickt und dort abgelegt werden. Dadurch k\u00f6nnen Websites wie Otis.com Wiederholungsnutzer erkennen, dem Nutzer den Site-Zugang erleichtern oder Daten\u00fcberblicke erstellen, mit denen sich die Inhalte der Sites verbessern lassen. Cookies f\u00fcgen dem Computer oder den Dateien eines Nutzers keinen Schaden zu. Wir verwenden Cookies, damit wir Ihnen Informationen und Leistungen anbieten k\u00f6nnen, die auf Ihre W\u00fcnsche und Bed\u00fcrfnisse zugeschnitten sind. Wenn ein Nutzer nicht w\u00fcnscht, dass Otis mit Cookies arbeiten kann, so bieten die meisten Browser die M\u00f6glichkeit, Cookies zur\u00fcckzuweisen oder zu deaktivieren. Beachten Sie aber bitte, dass Cookies f\u00fcr das richtige Funktionieren der Otis.com-Site oder f\u00fcr bestimmte Funktionen erforderlich sein k\u00f6nnen. Urheberrecht \/ Nutzung der Internet-Seiten: Inhalt, Layout, Gestaltung der Internet-Seiten, die verwendeten Grafiken sowie die sonstigen Inhalte Internet-Seiten sind urheberrechtlich gesch\u00fctzt. Eine Vervielf\u00e4ltigung der Seiten oder ihrer Inhalte bedarf der vorherigen schriftlichen Zustimmung des Berliner CSD e.V., soweit die Vervielf\u00e4ltigung nicht ohnehin gesetzlich gestattet ist.<\/p>\n<!-- \/wp:paragraph -->","_et_gb_content_width":"","inline_featured_image":false,"footnotes":""},"class_list":["post-6219","page","type-page","status-publish","hentry"],"acf":[],"yoast_head":"<!-- This site is optimized with the Yoast SEO plugin v27.0 - https:\/\/yoast.com\/product\/yoast-seo-wordpress\/ -->\n<title>Imprint &#8211; Berlin Pride | CSD Berlin 25.07.2026<\/title>\n<meta name=\"robots\" content=\"index, follow, max-snippet:-1, max-image-preview:large, max-video-preview:-1\" \/>\n<link rel=\"canonical\" href=\"https:\/\/csd-berlin.de\/en\/imprint\/\" \/>\n<meta property=\"og:locale\" content=\"en_US\" \/>\n<meta property=\"og:type\" content=\"article\" \/>\n<meta property=\"og:title\" content=\"Imprint &#8211; Berlin Pride | CSD Berlin 25.07.2026\" \/>\n<meta property=\"og:description\" content=\"Transparency and open communication are self-evident for the Berliner CSD e.V.. Important information about the Berliner CSD e.V. and how you can easily get in touch can be found here.\u00a0 Provider of these Internet pages: Imprint:Berliner CSD e.V.Kolonnenstra\u00dfe 46D-10829 Berlin Contact:Telefon: +4915127140712\u00a0Telefax: N\/AE-Mail: office@csd-berlin.deInternet: https:\/\/csd-berlin.de Register of associations: Charlottenburg Local Court of BerlinRegister number : [&hellip;]\" \/>\n<meta property=\"og:url\" content=\"https:\/\/csd-berlin.de\/en\/imprint\" \/>\n<meta property=\"og:site_name\" content=\"Berlin Pride | CSD Berlin 25.07.2026\" \/>\n<meta property=\"article:publisher\" content=\"https:\/\/facebook.com\/BerlinerCSD\" \/>\n<meta property=\"article:modified_time\" content=\"2026-04-13T17:22:29+00:00\" \/>\n<meta name=\"twitter:card\" content=\"summary_large_image\" \/>\n<meta name=\"twitter:site\" content=\"@CSD_Berlin\" \/>\n<meta name=\"twitter:label1\" content=\"Est. reading time\" \/>\n\t<meta name=\"twitter:data1\" content=\"5 minutes\" \/>\n<script type=\"application\/ld+json\" class=\"yoast-schema-graph\">{\"@context\":\"https:\/\/schema.org\",\"@graph\":[{\"@type\":\"WebPage\",\"@id\":\"https:\/\/csd-berlin.de\/en\/imprint\/\",\"url\":\"https:\/\/csd-berlin.de\/en\/imprint\/\",\"name\":\"Imprint &#8211; Berlin Pride | CSD Berlin 25.07.2026\",\"isPartOf\":{\"@id\":\"https:\/\/csd-berlin.de\/en\/#website\"},\"datePublished\":\"2019-05-05T17:39:44+00:00\",\"dateModified\":\"2026-04-13T17:22:29+00:00\",\"breadcrumb\":{\"@id\":\"https:\/\/csd-berlin.de\/en\/imprint\/#breadcrumb\"},\"inLanguage\":\"en-US\",\"potentialAction\":[{\"@type\":\"ReadAction\",\"target\":[\"https:\/\/csd-berlin.de\/en\/imprint\/\"]}]},{\"@type\":\"BreadcrumbList\",\"@id\":\"https:\/\/csd-berlin.de\/en\/imprint\/#breadcrumb\",\"itemListElement\":[{\"@type\":\"ListItem\",\"position\":1,\"name\":\"Startseite\",\"item\":\"https:\/\/csd-berlin.de\/en\/\"},{\"@type\":\"ListItem\",\"position\":2,\"name\":\"Imprint\"}]},{\"@type\":\"WebSite\",\"@id\":\"https:\/\/csd-berlin.de\/en\/#website\",\"url\":\"https:\/\/csd-berlin.de\/en\/\",\"name\":\"Berlin Pride | CSD Berlin 25.07.2026\",\"description\":\"\",\"publisher\":{\"@id\":\"https:\/\/csd-berlin.de\/en\/#organization\"},\"potentialAction\":[{\"@type\":\"SearchAction\",\"target\":{\"@type\":\"EntryPoint\",\"urlTemplate\":\"https:\/\/csd-berlin.de\/en\/?s={search_term_string}\"},\"query-input\":{\"@type\":\"PropertyValueSpecification\",\"valueRequired\":true,\"valueName\":\"search_term_string\"}}],\"inLanguage\":\"en-US\"},{\"@type\":\"Organization\",\"@id\":\"https:\/\/csd-berlin.de\/en\/#organization\",\"name\":\"Berliner CSD e.V.\",\"alternateName\":\"CSD Berlin\",\"url\":\"https:\/\/csd-berlin.de\/en\/\",\"logo\":{\"@type\":\"ImageObject\",\"inLanguage\":\"en-US\",\"@id\":\"https:\/\/csd-berlin.de\/en\/#\/schema\/logo\/image\/\",\"url\":\"https:\/\/csd-berlin.de\/wp-content\/uploads\/2021\/12\/Bildschirmfoto-2021-12-17-um-18.34.13.jpg\",\"contentUrl\":\"https:\/\/csd-berlin.de\/wp-content\/uploads\/2021\/12\/Bildschirmfoto-2021-12-17-um-18.34.13.jpg\",\"width\":500,\"height\":600,\"caption\":\"Berliner CSD e.V.\"},\"image\":{\"@id\":\"https:\/\/csd-berlin.de\/en\/#\/schema\/logo\/image\/\"},\"sameAs\":[\"https:\/\/facebook.com\/BerlinerCSD\",\"https:\/\/x.com\/CSD_Berlin\",\"https:\/\/www.instagram.com\/csd.berlin.pride\/\"]}]}<\/script>\n<!-- \/ Yoast SEO plugin. -->","yoast_head_json":{"title":"Imprint &#8211; Berlin Pride | CSD Berlin 25.07.2026","robots":{"index":"index","follow":"follow","max-snippet":"max-snippet:-1","max-image-preview":"max-image-preview:large","max-video-preview":"max-video-preview:-1"},"canonical":"https:\/\/csd-berlin.de\/en\/imprint\/","og_locale":"en_US","og_type":"article","og_title":"Imprint &#8211; Berlin Pride | CSD Berlin 25.07.2026","og_description":"Transparency and open communication are self-evident for the Berliner CSD e.V.. Important information about the Berliner CSD e.V. and how you can easily get in touch can be found here.\u00a0 Provider of these Internet pages: Imprint:Berliner CSD e.V.Kolonnenstra\u00dfe 46D-10829 Berlin Contact:Telefon: +4915127140712\u00a0Telefax: N\/AE-Mail: office@csd-berlin.deInternet: https:\/\/csd-berlin.de Register of associations: Charlottenburg Local Court of BerlinRegister number : [&hellip;]","og_url":"https:\/\/csd-berlin.de\/en\/imprint","og_site_name":"Berlin Pride | CSD Berlin 25.07.2026","article_publisher":"https:\/\/facebook.com\/BerlinerCSD","article_modified_time":"2026-04-13T17:22:29+00:00","twitter_card":"summary_large_image","twitter_site":"@CSD_Berlin","twitter_misc":{"Est. reading time":"5 minutes"},"schema":{"@context":"https:\/\/schema.org","@graph":[{"@type":"WebPage","@id":"https:\/\/csd-berlin.de\/en\/imprint\/","url":"https:\/\/csd-berlin.de\/en\/imprint\/","name":"Imprint &#8211; Berlin Pride | CSD Berlin 25.07.2026","isPartOf":{"@id":"https:\/\/csd-berlin.de\/en\/#website"},"datePublished":"2019-05-05T17:39:44+00:00","dateModified":"2026-04-13T17:22:29+00:00","breadcrumb":{"@id":"https:\/\/csd-berlin.de\/en\/imprint\/#breadcrumb"},"inLanguage":"en-US","potentialAction":[{"@type":"ReadAction","target":["https:\/\/csd-berlin.de\/en\/imprint\/"]}]},{"@type":"BreadcrumbList","@id":"https:\/\/csd-berlin.de\/en\/imprint\/#breadcrumb","itemListElement":[{"@type":"ListItem","position":1,"name":"Startseite","item":"https:\/\/csd-berlin.de\/en\/"},{"@type":"ListItem","position":2,"name":"Imprint"}]},{"@type":"WebSite","@id":"https:\/\/csd-berlin.de\/en\/#website","url":"https:\/\/csd-berlin.de\/en\/","name":"Berlin Pride | CSD Berlin 25.07.2026","description":"","publisher":{"@id":"https:\/\/csd-berlin.de\/en\/#organization"},"potentialAction":[{"@type":"SearchAction","target":{"@type":"EntryPoint","urlTemplate":"https:\/\/csd-berlin.de\/en\/?s={search_term_string}"},"query-input":{"@type":"PropertyValueSpecification","valueRequired":true,"valueName":"search_term_string"}}],"inLanguage":"en-US"},{"@type":"Organization","@id":"https:\/\/csd-berlin.de\/en\/#organization","name":"Berliner CSD e.V.","alternateName":"CSD Berlin","url":"https:\/\/csd-berlin.de\/en\/","logo":{"@type":"ImageObject","inLanguage":"en-US","@id":"https:\/\/csd-berlin.de\/en\/#\/schema\/logo\/image\/","url":"https:\/\/csd-berlin.de\/wp-content\/uploads\/2021\/12\/Bildschirmfoto-2021-12-17-um-18.34.13.jpg","contentUrl":"https:\/\/csd-berlin.de\/wp-content\/uploads\/2021\/12\/Bildschirmfoto-2021-12-17-um-18.34.13.jpg","width":500,"height":600,"caption":"Berliner CSD e.V."},"image":{"@id":"https:\/\/csd-berlin.de\/en\/#\/schema\/logo\/image\/"},"sameAs":["https:\/\/facebook.com\/BerlinerCSD","https:\/\/x.com\/CSD_Berlin","https:\/\/www.instagram.com\/csd.berlin.pride\/"]}]}},"_links":{"self":[{"href":"https:\/\/csd-berlin.de\/en\/wp-json\/wp\/v2\/pages\/6219","targetHints":{"allow":["GET"]}}],"collection":[{"href":"https:\/\/csd-berlin.de\/en\/wp-json\/wp\/v2\/pages"}],"about":[{"href":"https:\/\/csd-berlin.de\/en\/wp-json\/wp\/v2\/types\/page"}],"author":[{"embeddable":true,"href":"https:\/\/csd-berlin.de\/en\/wp-json\/wp\/v2\/users\/1"}],"replies":[{"embeddable":true,"href":"https:\/\/csd-berlin.de\/en\/wp-json\/wp\/v2\/comments?post=6219"}],"version-history":[{"count":12,"href":"https:\/\/csd-berlin.de\/en\/wp-json\/wp\/v2\/pages\/6219\/revisions"}],"predecessor-version":[{"id":27255,"href":"https:\/\/csd-berlin.de\/en\/wp-json\/wp\/v2\/pages\/6219\/revisions\/27255"}],"wp:attachment":[{"href":"https:\/\/csd-berlin.de\/en\/wp-json\/wp\/v2\/media?parent=6219"}],"curies":[{"name":"wp","href":"https:\/\/api.w.org\/{rel}","templated":true}]}}