{"id":6220,"date":"2021-04-22T09:55:13","date_gmt":"2021-04-22T07:55:13","guid":{"rendered":"https:\/\/csd-berlin.de\/jobs-csdberlin\/"},"modified":"2026-04-21T10:44:42","modified_gmt":"2026-04-21T08:44:42","slug":"jobs","status":"publish","type":"page","link":"https:\/\/csd-berlin.de\/en\/association\/job-postings\/","title":{"rendered":"Job postings"},"content":{"rendered":"<p>[et_pb_section fb_built=&#8221;1&#8243; _builder_version=&#8221;4.16&#8243; global_colors_info=&#8221;{}&#8221;][et_pb_row column_structure=&#8221;3_5,2_5&#8243; _builder_version=&#8221;4.27.4&#8243; _module_preset=&#8221;default&#8221; global_colors_info=&#8221;{}&#8221;][et_pb_column type=&#8221;3_5&#8243; _builder_version=&#8221;4.27.4&#8243; _module_preset=&#8221;default&#8221; global_colors_info=&#8221;{}&#8221;][et_pb_text _builder_version=&#8221;4.27.6&#8243; _module_preset=&#8221;default&#8221; global_colors_info=&#8221;{}&#8221; locked=&#8221;off&#8221;]<\/p>\n<h3><strong><\/strong><\/h3>\n<p>&nbsp;<\/p>\n<h1><span style=\"font-size: x-large;\"><strong>\u00a0Current job postings<\/strong><\/span><\/h1>\n<h3><strong><\/strong><\/h3>\n<h3><strong>Werkstudent*in Kampagnen und Social Media (m\/w\/d)<\/strong><\/h3>\n<p><strong><\/strong><\/p>\n<p>Berliner CSD e. V. <br \/>20 Stunden pro Woche | befristet auf 6 Monate | Berlin <br \/><strong>Ausschreibung vom 20.04. \u2013 03.05.2026 <\/strong><br \/><strong>Termin Stellenbesetzung: sofort<\/strong><\/p>\n<p>Der Berliner CSD e. V. organisiert eine der gr\u00f6\u00dften Demonstrationen f\u00fcr die Rechte von LSBTIQ* in Europa und setzt sich ganzj\u00e4hrig f\u00fcr Sichtbarkeit, Gleichberechtigung und eine starke Demokratie ein. <br \/>F\u00fcr unsere \u00d6ffentlichkeitsarbeit suchen wir eine*n engagierte Werkstudent*in, der*die Lust hat, aktiv an Kampagnen mitzuwirken und unsere Social-Media-Pr\u00e4senz weiterzuentwickeln.<\/p>\n<p><strong>Rahmenbedingungen <\/strong><br \/>\u2022 20 Stunden pro Woche w\u00e4hrend der Vorlesungszeit <br \/>\u2022 Bis zu 30 Stunden pro Woche in der vorlesungsfreien Zeit m\u00f6glich <br \/>\u2022 Befristet auf 6 Monate mit Option auf Verl\u00e4ngerung <br \/>\u2022 Arbeitsort Berlin mit M\u00f6glichkeit zu mobilem Arbeiten <br \/>\u2022 Voraussetzung ist ein aktuell laufendes Studium (z. B. in Politikwissenschaften, Non Profit-Management oder Kommunikationswissenschaften)<\/p>\n<p><strong>Das sind deine Aufgaben<\/strong><br \/><span style=\"text-decoration: underline;\">Strategische Kampagnenarbeit: <\/span><br \/>\u2022 Mitarbeit an der Kampagne \u201eHaltung ist hot\u201c zur Abgeordnetenhauswahl 2026 des Berliner CSD e. V.. Hier soll insbesondere eine junge Zielgruppe erreicht werden. <br \/>\u2022 Unterst\u00fctzung bei der Durchf\u00fchrung der 1. Queeren Wahlarena mit <br \/>Spitzenpolitiker*innen der Parteien <br \/>\u2022 Vor- und Nachbereitung der Sitzungen des CSD Forums (basisdemokratisches Beteiligungsformat)<\/p>\n<p><span style=\"text-decoration: underline;\">Social Media: <\/span><br \/>\u2022 Umsetzung der Kampagne auf Social Media, insbesondere Instagram und TikTok <br \/>\u2022 Erstellung von Content wie Posts, Stories und Kurzvideos <br \/>\u2022 Community Management und Interaktion mit Nutzer*innen <br \/>\u2022 Mitarbeit an der Redaktionsplanung<\/p>\n<p><strong>Dein Profil <\/strong><br \/>\u2022 Du bist an einer Hochschule immatrikuliert <br \/>\u2022 Du hast Interesse an queerpolitischen und gesellschaftspolitischen Themen <br \/>\u2022 Du bringst erste Erfahrungen im Bereich Social Media mit <br \/>\u2022 Du arbeitest strukturiert, zuverl\u00e4ssig und eigenst\u00e4ndig <br \/>\u2022 Du hast Lust, dich in politische Themen einzuarbeiten <br \/>\u2022 Du hast erste Kenntnisse im Umgang mit g\u00e4ngigen Tools zur Content-Erstellung (z.B. Canva, CapCut oder Adobe-Anwendungen)<\/p>\n<p><strong>Wir bieten <\/strong><br \/>\u2022 Flexible Arbeitszeiten passend zu deinem Studium <br \/>\u2022 Mitarbeit in einem engagierten Team <br \/>\u2022 Direkte Einbindung in Projekte und Veranstaltungen im Rahmen des Pride Month <br \/>\u2022 Eigener Gestaltungsspielraum <br \/>\u2022 Du sammelst Erfahrungen in den Themenbereichen strategische Kampagnenarbeit und Public Affairs von gemeinn\u00fctzigen Organisationen<\/p>\n<p>Wir begr\u00fc\u00dfen Bewerbungen von Menschen unabh\u00e4ngig von Geschlecht, geschlechtlicher <br \/>Identit\u00e4t, sexueller Orientierung, ethnischer Herkunft, Religion, Alter oder Behinderung. <br \/><strong>Bewerbungen von Menschen mit Schwerbehinderung werden bei gleicher Eignung bevorzugt ber\u00fccksichtigt.<\/strong><\/p>\n<p>Bewerbungen erfolgen bitte an <strong><a href=\"mailto:marcel@csd-berlin.de\">marcel@csd-berlin.de<\/a><\/strong>.<\/p>\n<p>&nbsp;<\/p>\n<h6><strong>Datenschutzhinweis<\/strong><\/h6>\n<h6><strong> <\/strong><br \/>Im Rahmen des Bewerbungsverfahrens verarbeiten wir personenbezogene Daten ausschlie\u00dflich zum Zweck der <br \/>Durchf\u00fchrung des Auswahlverfahrens. Rechtsgrundlage hierf\u00fcr ist Art. 6 Abs. 1 lit. b DSGVO.<\/h6>\n<h6>Die Daten werden nur an die f\u00fcr das Verfahren zust\u00e4ndigen Personen im Berliner CSD e. V. weitergegeben und <br \/>nicht an Dritte \u00fcbermittelt. Nach Abschluss des Bewerbungsverfahrens werden die Daten unter Beachtung der <br \/>gesetzlichen Fristen gel\u00f6scht, sofern keine Einwilligung zur l\u00e4ngeren Speicherung vorliegt.<\/h6>\n<h6>Weitere Informationen zum Datenschutz finden sich in unserer Datenschutzerkl\u00e4rung auf unserer Website.<\/h6>\n<p>[\/et_pb_text][\/et_pb_column][et_pb_column type=&#8221;2_5&#8243; _builder_version=&#8221;4.27.4&#8243; _module_preset=&#8221;default&#8221; global_colors_info=&#8221;{}&#8221;][et_pb_image src=&#8221;https:\/\/csd-berlin.de\/wp-content\/uploads\/2021\/11\/CSDBerlin2021_Avatar-980x980_2.png&#8221; title_text=&#8221;Jobs_CSDBerlin2021_Avatar-980x980_2&#8243; align=&#8221;right&#8221; _builder_version=&#8221;4.27.4&#8243; _module_preset=&#8221;default&#8221; width=&#8221;75.8%&#8221; global_colors_info=&#8221;{}&#8221;][\/et_pb_image][\/et_pb_column][\/et_pb_row][\/et_pb_section]<\/p>\n","protected":false},"excerpt":{"rendered":"<p>&nbsp; \u00a0Current job postings Werkstudent*in Kampagnen und Social Media (m\/w\/d) Berliner CSD e. V. 20 Stunden pro Woche | befristet auf 6 Monate | Berlin Ausschreibung vom 20.04. \u2013 03.05.2026 Termin Stellenbesetzung: sofort Der Berliner CSD e. V. organisiert eine der gr\u00f6\u00dften Demonstrationen f\u00fcr die Rechte von LSBTIQ* in Europa und setzt sich ganzj\u00e4hrig f\u00fcr [&hellip;]<\/p>\n","protected":false},"author":6,"featured_media":0,"parent":6232,"menu_order":0,"comment_status":"closed","ping_status":"closed","template":"page-csd.php","meta":{"_acf_changed":false,"_et_pb_use_builder":"on","_et_pb_old_content":"","_et_gb_content_width":"","inline_featured_image":false,"footnotes":""},"class_list":["post-6220","page","type-page","status-publish","hentry"],"acf":[],"yoast_head":"<!-- This site is optimized with the Yoast SEO plugin v27.0 - https:\/\/yoast.com\/product\/yoast-seo-wordpress\/ -->\n<title>Job postings &#8211; Berlin Pride | CSD Berlin 25.07.2026<\/title>\n<meta name=\"robots\" content=\"index, follow, max-snippet:-1, max-image-preview:large, max-video-preview:-1\" \/>\n<link rel=\"canonical\" href=\"https:\/\/csd-berlin.de\/en\/association\/job-postings\/\" \/>\n<meta property=\"og:locale\" content=\"en_US\" \/>\n<meta property=\"og:type\" content=\"article\" \/>\n<meta property=\"og:title\" content=\"Job postings &#8211; Berlin Pride | CSD Berlin 25.07.2026\" \/>\n<meta property=\"og:description\" content=\"&nbsp; \u00a0Current job postings Werkstudent*in Kampagnen und Social Media (m\/w\/d) Berliner CSD e. V. 20 Stunden pro Woche | befristet auf 6 Monate | Berlin Ausschreibung vom 20.04. \u2013 03.05.2026 Termin Stellenbesetzung: sofort Der Berliner CSD e. V. organisiert eine der gr\u00f6\u00dften Demonstrationen f\u00fcr die Rechte von LSBTIQ* in Europa und setzt sich ganzj\u00e4hrig f\u00fcr [&hellip;]\" \/>\n<meta property=\"og:url\" content=\"https:\/\/csd-berlin.de\/en\/association\/job-postings\" \/>\n<meta property=\"og:site_name\" content=\"Berlin Pride | CSD Berlin 25.07.2026\" \/>\n<meta property=\"article:publisher\" content=\"https:\/\/facebook.com\/BerlinerCSD\" \/>\n<meta property=\"article:modified_time\" content=\"2026-04-21T08:44:42+00:00\" \/>\n<meta name=\"twitter:card\" content=\"summary_large_image\" \/>\n<meta name=\"twitter:site\" content=\"@CSD_Berlin\" \/>\n<meta name=\"twitter:label1\" content=\"Est. reading time\" \/>\n\t<meta name=\"twitter:data1\" content=\"3 minutes\" \/>\n<script type=\"application\/ld+json\" class=\"yoast-schema-graph\">{\"@context\":\"https:\/\/schema.org\",\"@graph\":[{\"@type\":\"WebPage\",\"@id\":\"https:\/\/csd-berlin.de\/en\/association\/job-postings\/\",\"url\":\"https:\/\/csd-berlin.de\/en\/association\/job-postings\/\",\"name\":\"Job postings &#8211; Berlin Pride | CSD Berlin 25.07.2026\",\"isPartOf\":{\"@id\":\"https:\/\/csd-berlin.de\/en\/#website\"},\"datePublished\":\"2021-04-22T07:55:13+00:00\",\"dateModified\":\"2026-04-21T08:44:42+00:00\",\"breadcrumb\":{\"@id\":\"https:\/\/csd-berlin.de\/en\/association\/job-postings\/#breadcrumb\"},\"inLanguage\":\"en-US\",\"potentialAction\":[{\"@type\":\"ReadAction\",\"target\":[\"https:\/\/csd-berlin.de\/en\/association\/job-postings\/\"]}]},{\"@type\":\"BreadcrumbList\",\"@id\":\"https:\/\/csd-berlin.de\/en\/association\/job-postings\/#breadcrumb\",\"itemListElement\":[{\"@type\":\"ListItem\",\"position\":1,\"name\":\"Startseite\",\"item\":\"https:\/\/csd-berlin.de\/en\/\"},{\"@type\":\"ListItem\",\"position\":2,\"name\":\"Association\",\"item\":\"https:\/\/csd-berlin.de\/en\/?page_id=6232\"},{\"@type\":\"ListItem\",\"position\":3,\"name\":\"Job postings\"}]},{\"@type\":\"WebSite\",\"@id\":\"https:\/\/csd-berlin.de\/en\/#website\",\"url\":\"https:\/\/csd-berlin.de\/en\/\",\"name\":\"Berlin Pride | CSD Berlin 25.07.2026\",\"description\":\"\",\"publisher\":{\"@id\":\"https:\/\/csd-berlin.de\/en\/#organization\"},\"potentialAction\":[{\"@type\":\"SearchAction\",\"target\":{\"@type\":\"EntryPoint\",\"urlTemplate\":\"https:\/\/csd-berlin.de\/en\/?s={search_term_string}\"},\"query-input\":{\"@type\":\"PropertyValueSpecification\",\"valueRequired\":true,\"valueName\":\"search_term_string\"}}],\"inLanguage\":\"en-US\"},{\"@type\":\"Organization\",\"@id\":\"https:\/\/csd-berlin.de\/en\/#organization\",\"name\":\"Berliner CSD e.V.\",\"alternateName\":\"CSD Berlin\",\"url\":\"https:\/\/csd-berlin.de\/en\/\",\"logo\":{\"@type\":\"ImageObject\",\"inLanguage\":\"en-US\",\"@id\":\"https:\/\/csd-berlin.de\/en\/#\/schema\/logo\/image\/\",\"url\":\"https:\/\/csd-berlin.de\/wp-content\/uploads\/2021\/12\/Bildschirmfoto-2021-12-17-um-18.34.13.jpg\",\"contentUrl\":\"https:\/\/csd-berlin.de\/wp-content\/uploads\/2021\/12\/Bildschirmfoto-2021-12-17-um-18.34.13.jpg\",\"width\":500,\"height\":600,\"caption\":\"Berliner CSD e.V.\"},\"image\":{\"@id\":\"https:\/\/csd-berlin.de\/en\/#\/schema\/logo\/image\/\"},\"sameAs\":[\"https:\/\/facebook.com\/BerlinerCSD\",\"https:\/\/x.com\/CSD_Berlin\",\"https:\/\/www.instagram.com\/csd.berlin.pride\/\"]}]}<\/script>\n<!-- \/ Yoast SEO plugin. -->","yoast_head_json":{"title":"Job postings &#8211; Berlin Pride | CSD Berlin 25.07.2026","robots":{"index":"index","follow":"follow","max-snippet":"max-snippet:-1","max-image-preview":"max-image-preview:large","max-video-preview":"max-video-preview:-1"},"canonical":"https:\/\/csd-berlin.de\/en\/association\/job-postings\/","og_locale":"en_US","og_type":"article","og_title":"Job postings &#8211; Berlin Pride | CSD Berlin 25.07.2026","og_description":"&nbsp; \u00a0Current job postings Werkstudent*in Kampagnen und Social Media (m\/w\/d) Berliner CSD e. V. 20 Stunden pro Woche | befristet auf 6 Monate | Berlin Ausschreibung vom 20.04. \u2013 03.05.2026 Termin Stellenbesetzung: sofort Der Berliner CSD e. V. organisiert eine der gr\u00f6\u00dften Demonstrationen f\u00fcr die Rechte von LSBTIQ* in Europa und setzt sich ganzj\u00e4hrig f\u00fcr [&hellip;]","og_url":"https:\/\/csd-berlin.de\/en\/association\/job-postings","og_site_name":"Berlin Pride | CSD Berlin 25.07.2026","article_publisher":"https:\/\/facebook.com\/BerlinerCSD","article_modified_time":"2026-04-21T08:44:42+00:00","twitter_card":"summary_large_image","twitter_site":"@CSD_Berlin","twitter_misc":{"Est. reading time":"3 minutes"},"schema":{"@context":"https:\/\/schema.org","@graph":[{"@type":"WebPage","@id":"https:\/\/csd-berlin.de\/en\/association\/job-postings\/","url":"https:\/\/csd-berlin.de\/en\/association\/job-postings\/","name":"Job postings &#8211; Berlin Pride | CSD Berlin 25.07.2026","isPartOf":{"@id":"https:\/\/csd-berlin.de\/en\/#website"},"datePublished":"2021-04-22T07:55:13+00:00","dateModified":"2026-04-21T08:44:42+00:00","breadcrumb":{"@id":"https:\/\/csd-berlin.de\/en\/association\/job-postings\/#breadcrumb"},"inLanguage":"en-US","potentialAction":[{"@type":"ReadAction","target":["https:\/\/csd-berlin.de\/en\/association\/job-postings\/"]}]},{"@type":"BreadcrumbList","@id":"https:\/\/csd-berlin.de\/en\/association\/job-postings\/#breadcrumb","itemListElement":[{"@type":"ListItem","position":1,"name":"Startseite","item":"https:\/\/csd-berlin.de\/en\/"},{"@type":"ListItem","position":2,"name":"Association","item":"https:\/\/csd-berlin.de\/en\/?page_id=6232"},{"@type":"ListItem","position":3,"name":"Job postings"}]},{"@type":"WebSite","@id":"https:\/\/csd-berlin.de\/en\/#website","url":"https:\/\/csd-berlin.de\/en\/","name":"Berlin Pride | CSD Berlin 25.07.2026","description":"","publisher":{"@id":"https:\/\/csd-berlin.de\/en\/#organization"},"potentialAction":[{"@type":"SearchAction","target":{"@type":"EntryPoint","urlTemplate":"https:\/\/csd-berlin.de\/en\/?s={search_term_string}"},"query-input":{"@type":"PropertyValueSpecification","valueRequired":true,"valueName":"search_term_string"}}],"inLanguage":"en-US"},{"@type":"Organization","@id":"https:\/\/csd-berlin.de\/en\/#organization","name":"Berliner CSD e.V.","alternateName":"CSD Berlin","url":"https:\/\/csd-berlin.de\/en\/","logo":{"@type":"ImageObject","inLanguage":"en-US","@id":"https:\/\/csd-berlin.de\/en\/#\/schema\/logo\/image\/","url":"https:\/\/csd-berlin.de\/wp-content\/uploads\/2021\/12\/Bildschirmfoto-2021-12-17-um-18.34.13.jpg","contentUrl":"https:\/\/csd-berlin.de\/wp-content\/uploads\/2021\/12\/Bildschirmfoto-2021-12-17-um-18.34.13.jpg","width":500,"height":600,"caption":"Berliner CSD e.V."},"image":{"@id":"https:\/\/csd-berlin.de\/en\/#\/schema\/logo\/image\/"},"sameAs":["https:\/\/facebook.com\/BerlinerCSD","https:\/\/x.com\/CSD_Berlin","https:\/\/www.instagram.com\/csd.berlin.pride\/"]}]}},"_links":{"self":[{"href":"https:\/\/csd-berlin.de\/en\/wp-json\/wp\/v2\/pages\/6220","targetHints":{"allow":["GET"]}}],"collection":[{"href":"https:\/\/csd-berlin.de\/en\/wp-json\/wp\/v2\/pages"}],"about":[{"href":"https:\/\/csd-berlin.de\/en\/wp-json\/wp\/v2\/types\/page"}],"author":[{"embeddable":true,"href":"https:\/\/csd-berlin.de\/en\/wp-json\/wp\/v2\/users\/6"}],"replies":[{"embeddable":true,"href":"https:\/\/csd-berlin.de\/en\/wp-json\/wp\/v2\/comments?post=6220"}],"version-history":[{"count":10,"href":"https:\/\/csd-berlin.de\/en\/wp-json\/wp\/v2\/pages\/6220\/revisions"}],"predecessor-version":[{"id":27334,"href":"https:\/\/csd-berlin.de\/en\/wp-json\/wp\/v2\/pages\/6220\/revisions\/27334"}],"up":[{"embeddable":true,"href":"https:\/\/csd-berlin.de\/en\/wp-json\/wp\/v2\/pages\/6232"}],"wp:attachment":[{"href":"https:\/\/csd-berlin.de\/en\/wp-json\/wp\/v2\/media?parent=6220"}],"curies":[{"name":"wp","href":"https:\/\/api.w.org\/{rel}","templated":true}]}}