{"id":6287,"date":"2019-05-06T11:23:41","date_gmt":"2019-05-06T09:23:41","guid":{"rendered":"https:\/\/csd-berlin.de\/verein\/ueber-uns\/"},"modified":"2026-01-21T18:19:47","modified_gmt":"2026-01-21T17:19:47","slug":"about-us","status":"publish","type":"page","link":"https:\/\/csd-berlin.de\/en\/association\/about-us\/","title":{"rendered":"About us"},"content":{"rendered":"<p>[et_pb_section fb_built=&#8221;1&#8243; admin_label=&#8221;section&#8221; _builder_version=&#8221;4.16&#8243; custom_padding=&#8221;0px|||||&#8221; global_colors_info=&#8221;{}&#8221;][et_pb_row column_structure=&#8221;3_5,2_5&#8243; admin_label=&#8221;row&#8221; _builder_version=&#8221;4.25.1&#8243; background_size=&#8221;initial&#8221; background_position=&#8221;top_left&#8221; background_repeat=&#8221;repeat&#8221; custom_padding=&#8221;0px|||||&#8221; global_colors_info=&#8221;{}&#8221;][et_pb_column type=&#8221;3_5&#8243; _builder_version=&#8221;4.16&#8243; custom_padding=&#8221;|||&#8221; global_colors_info=&#8221;{}&#8221; custom_padding__hover=&#8221;|||&#8221;][et_pb_text admin_label=&#8221;Text&#8221; _builder_version=&#8221;4.25.1&#8243; background_size=&#8221;initial&#8221; background_position=&#8221;top_left&#8221; background_repeat=&#8221;repeat&#8221; global_colors_info=&#8221;{}&#8221;]<\/p>\n<p style=\"text-align: justify;\"><strong style=\"color: #0a0a0a; font-size: 26px;\">Informations on the association<\/strong><\/p>\n<p style=\"text-align: justify;\"><!-- \/divi:heading --><\/p>\n<p style=\"text-align: justify;\"><!-- divi:paragraph --><strong>Executive committee<\/strong><\/p>\n<p style=\"text-align: justify;\">Board of Directors<\/p>\n<p data-start=\"50\" data-end=\"869\">The Board of Berliner CSD e. V. consists of five members and is elected by the General Assembly. The most recent board elections took place at the General Assembly on 16 October 2025. The General Assembly confirmed Marcel Voges and Manfred Lehmann in their positions. Carolina Philipps and Julia Miosga were newly elected to the Board. Thomas Hoffmann still has one year remaining in his term. In addition, the General Assembly decided for the first time to introduce a full-time board position. With the introduction of this position, Berliner CSD e.V. is entering a new phase of professionalization. As a full-time board member, Marcel Voges will in future focus on building new structures and further developing the association. For this role, he has taken leave from his previous position as a trade union secretary.<\/p>\n<p data-start=\"871\" data-end=\"952\"><strong>Carolina Philipps<\/strong><em> (elected for 1 year by the General Assembly on 16 October 2025)<\/em><\/p>\n<p data-start=\"954\" data-end=\"1036\"><strong>Thomas Hoffmann<\/strong> <em>(elected for 2 years by the General Assembly on 23 September 2024)<\/em><\/p>\n<p data-start=\"1038\" data-end=\"1115\"><strong>Julia Miosga<\/strong> <em>(elected for 2 years by the General Assembly on 16 October 2025)<\/em><\/p>\n<p data-start=\"1117\" data-end=\"1197\"><strong>Manfred Lehmann<\/strong> <em>(elected for 2 years by the General Assembly on 16 October 2025)<\/em><\/p>\n<p data-start=\"1199\" data-end=\"1300\" data-is-last-node=\"\" data-is-only-node=\"\"><strong>Marcel Voges<\/strong> <em>(Full-time Board Member, elected for 2 years by the General Assembly on 16 October 2025)<\/em><\/p>\n<p style=\"text-align: justify;\">\n<p style=\"text-align: justify;\"><!-- divi:paragraph --><\/p>\n<p style=\"text-align: justify;\">The executive committee decides independently on all membership matters (membership applications, exclusions, cancellations, fee reductions, etc.), on personnel contracts (employment and fee contracts, terminations, invitations to tender) and on legal matters concerning the association. For all other matters, decisions are made together with the Head of Production, advisors of the CSD team, in the responsible working groups or &#8211; for minor decisions &#8211; by the responsible staff.<\/p>\n<p style=\"text-align: justify;\">\n<p style=\"text-align: justify;\"><strong>Volunteers, full- and part-time jobs and project work<\/strong><\/p>\n<p style=\"text-align: justify;\">\n<p style=\"text-align: justify;\">The work that arises from the association&#8217;s activities and the responsibility that goes with it can no longer be managed by the board alone. However, the voluntary structure defines the entire association and thus also the CSD team. Only for core tasks and in core areas that are necessary for the maintenance of the association and the insurance of the CSD demonstration and the CSD finale, fees or salaries are paid at all, which are often significantly below the usual market prices thanks to the high voluntary commitment of those involved.<\/p>\n<p style=\"text-align: justify;\"><!-- \/divi:paragraph --><\/p>\n<p style=\"text-align: justify;\"><!-- divi:paragraph --><\/p>\n<p style=\"text-align: justify;\">All tasks are currently covered almost exclusively by volunteers or occasionally by freelancers. Since 2019, all central concerns and activities of the association are usually coordinated by the position of the &#8220;Head of Production&#8221;. In addition to organizing the business operations of the Berliner CSD e.V. association, this person is responsible in particular for the preparation, implementation and follow-up of the annual main event. All those who work actively and year-round &#8211; as board members, employees, volunteers or honorary staff &#8211; form the CSD team and thus the personnel core of the Berliner CSD e.V. Due to the pandemic, this position currently cannot be filled.<\/p>\n<p style=\"text-align: justify;\"><!-- \/divi:paragraph --><\/p>\n<p style=\"text-align: justify;\"><!-- divi:paragraph --><\/p>\n<p style=\"text-align: justify;\">Due to the working group structure and numerous independent projects, volunteering at the CSD is quite flexible and can be adapted to one&#8217;s own needs as well as to external circumstances. In addition to a regular year-round commitment, a project-related collaboration &#8211; e.g. for graphics and design, project and legal advice, transportation, errands, special club events &#8211; or a voluntary support on the &#8220;main action days&#8221; around the CSD is possible. E.g. as a supervisor for the family\/sport membership area, as a driver, in the accessibility area, for errands, distribution, transport, set-up and dismantling, briefings, service tasks, admission controls, at the CSD information booth or support with office administration etc.<\/p>\n<p style=\"text-align: justify;\"><!-- \/divi:paragraph --><\/p>\n<p style=\"text-align: justify;\"><!-- divi:paragraph --><\/p>\n<p style=\"text-align: justify;\"><strong>CSD Team<\/strong><\/p>\n<p style=\"text-align: justify;\"><!-- \/divi:paragraph --><\/p>\n<p style=\"text-align: justify;\"><!-- divi:paragraph --><\/p>\n<p style=\"text-align: justify;\">The CSD executive committee can entrust the CSD team with tasks to ensure the operational implementation of the CSD (from the CSD demonstration, to the finale, press relations, sponsor acquisition, supporting program, project management, etc.) and the association administration (meetings, minutes, accounting, community requests, CSD Forum, etc.). The CSD team is busy with CSD and association tasks throughout the year and meets regularly for the respective team, working group and project meetings. It consists of the CSD board members and all volunteers or honorary staff responsible for the main tasks.<\/p>\n<p style=\"text-align: justify;\"><!-- \/divi:paragraph --><\/p>\n<p style=\"text-align: justify;\"><!-- divi:paragraph --><\/p>\n<p style=\"text-align: justify;\"><strong>Projects and temporary cooperation<\/strong><\/p>\n<p style=\"text-align: justify;\"><!-- \/divi:paragraph --><\/p>\n<p style=\"text-align: justify;\"><!-- divi:paragraph --><\/p>\n<p style=\"text-align: justify;\">In addition to the permanent work in the CSD team, many volunteer supporters take on temporary tasks or work on specific projects. A cooperation in a working group is not bound to the association membership and especially for interested and &#8220;new&#8221; people a good opportunity to get to know the association and its activities. If you would like to actively participate in the CSD and help shape it, please contact us at <a href=\"mailto:office@csd-berlin.de\">office@csd-berlin.de<\/a>.<\/p>\n<p style=\"text-align: justify;\">\n<p style=\"text-align: justify;\">\n<p style=\"text-align: justify;\"><!-- \/divi:paragraph --><\/p>\n<p>[\/et_pb_text][\/et_pb_column][et_pb_column type=&#8221;2_5&#8243; _builder_version=&#8221;4.16&#8243; custom_padding=&#8221;|||&#8221; global_colors_info=&#8221;{}&#8221; custom_padding__hover=&#8221;|||&#8221;][et_pb_image src=&#8221;https:\/\/csd-berlin.de\/wp-content\/uploads\/2025\/10\/Vorstand2025_Nikita.jpg&#8221; alt=&#8221;Vorstand 2024 Mitgliederversammlung&#8221; title_text=&#8221;Vorstand 2025 Berliner CSD&#8221; _builder_version=&#8221;4.27.5&#8243; _module_preset=&#8221;default&#8221; hover_enabled=&#8221;0&#8243; global_colors_info=&#8221;{}&#8221; sticky_enabled=&#8221;0&#8243;][\/et_pb_image][et_pb_text _builder_version=&#8221;4.27.5&#8243; _module_preset=&#8221;default&#8221; hover_enabled=&#8221;0&#8243; sticky_enabled=&#8221;0&#8243;]<\/p>\n<p><em>Photo: Nikita Tchernodarov \/ People from left to right: Julia Miosga, Marcel Voges, Carolina Philipps, Manfred Lehmann, Thomas Hoffmann<\/em><\/p>\n<table border=\"0\" cellpadding=\"0\" cellspacing=\"0\" width=\"100%\">\n<tbody><\/tbody>\n<\/table>\n<p>[\/et_pb_text][\/et_pb_column][\/et_pb_row][\/et_pb_section]<\/p>\n","protected":false},"excerpt":{"rendered":"<p>Informations on the association Executive committee Board of Directors The Board of Berliner CSD e. V. consists of five members and is elected by the General Assembly. The most recent board elections took place at the General Assembly on 16 October 2025. The General Assembly confirmed Marcel Voges and Manfred Lehmann in their positions. Carolina [&hellip;]<\/p>\n","protected":false},"author":1,"featured_media":0,"parent":6232,"menu_order":0,"comment_status":"closed","ping_status":"closed","template":"page-csd.php","meta":{"_acf_changed":false,"_et_pb_use_builder":"on","_et_pb_old_content":"<!-- wp:heading -->\n<h2><strong>Informationen zum Verein<\/strong><\/h2>\n<!-- \/wp:heading -->\n\n<!-- wp:paragraph -->\n<p><strong>Vorstand<\/strong><\/p>\n<!-- \/wp:paragraph -->\n\n<!-- wp:paragraph -->\n<p>Der Vorstand des Berliner CSD e.V. besteht aus f\u00fcnf Personen und wird von der Mitgliederversammlung gew\u00e4hlt. Die letzten Vorstandswahlen fanden auf der Mitgliederversammlung am 30.11.2017 statt. Der Vorstand ist ehrenamtlich t\u00e4tig, d.h. CSD-Vorst\u00e4nde d\u00fcrfen keine bezahlte Arbeits- oder Honorarstelle im Verein innehaben oder annehmen.<\/p>\n<!-- \/wp:paragraph -->\n\n<!-- wp:paragraph -->\n<p><strong>Monique King<\/strong> <em>(gew\u00e4hlt auf 2 Jahre von der MV am 30.11.2017)<\/em><br><strong>David Staeglich<\/strong> <em>(gew\u00e4hlt auf 2 Jahre von der MV am 30.11.2017)<\/em><br><strong>Alexandra Knoke<\/strong> <em>(gew\u00e4hlt auf 2 Jahre von der MV am 30.11.2017)<\/em><br><strong>Andreas Weschke<\/strong> <em>(gew\u00e4hlt auf 2 Jahre von der MV am 06.12.2018)<\/em><br><strong>Stefan Kuschner<\/strong> <em>(gew\u00e4hlt auf 2 Jahre von der MV am 06.12.2018)<\/em><\/p>\n<!-- \/wp:paragraph -->\n\n<!-- wp:paragraph -->\n<p>Der Vorstand entscheidet v\u00f6llig eigenst\u00e4ndig \u00fcber alle Mitgliederangelegenheiten (Mitgliedsantr\u00e4ge, Ausschl\u00fcsse, Streichungen, Beitragsreduzierungen etc.), \u00fcber Personalvertr\u00e4ge (Arbeits- und Honorarvertr\u00e4ge, K\u00fcndigungen, Ausschreibungen) und vereinsrechtliche Angelegenheiten. Bei allen anderen Fragen fallen Entscheidungen zusammen mit dem Head of Production, Berater*innen des CSD-Teams, in den zust\u00e4ndigen Arbeitsgruppen oder \u2013 bei kleinen Entscheidungen \u2013 durch den\/die zust\u00e4ndigen Mitarbeiter*innen.<\/p>\n<!-- \/wp:paragraph -->\n\n<!-- wp:paragraph -->\n<p><strong>Ehrenamt, haupt- und nebenberufliche Arbeit und Projektarbeiten<\/strong><\/p>\n<!-- \/wp:paragraph -->\n\n<!-- wp:paragraph -->\n<p>Die Arbeit, die durch die Vereinsaktivit\u00e4ten entsteht, und die Verantwortung, die damit einhergeht, k\u00f6nnen schon lange nicht mehr vom Vorstand alleine bew\u00e4ltigt werden. Die grunds\u00e4tzlich ehrenamtliche Struktur bestimmt jedoch den gesamten Verein und damit auch das CSD-Team. Lediglich f\u00fcr Kernaufgaben und in Kernbereichen, die f\u00fcr die Aufrechterhaltung des Vereins und die Sicherstellung der CSD Demonstration und des CSD Finales notwendig sind, werden \u00fcberhaupt Honorare oder Geh\u00e4lter bezahlt, die dank des hohen ehrenamtlichen Engagements der Beteiligten oft deutlich unter den \u00fcblichen Marktpreisen liegen.<\/p>\n<!-- \/wp:paragraph -->\n\n<!-- wp:paragraph -->\n<p>Alle Aufgaben werden aktuell fast ausschlie\u00dflich durch ehrenamtliche Mitarbeit oder vereinzelt durch Honorarkr\u00e4fte abgedeckt. Seit dem Jahr 2019 werden alle zentralen Belange und T\u00e4tigkeiten des Vereins durch die Position des \u201cHead of Production\u201d koordiniert. Dieser ist neben der Organisation des Gesch\u00e4ftsbetriebes des Berliner CSD e.V. insbesondere f\u00fcr die Vorbereitung, Durchf\u00fchrung und Nachbereitung der j\u00e4hrlichen Hauptveranstaltung verantwortlich. Alle, die aktiv und ganzj\u00e4hrig mitarbeiten \u2013 als Vorstand, Arbeitnehmer*in, Honorarkraft oder Ehrenamtler*in \u2013 bilden das CSD-Team und damit den Personalkern des Berliner CSD e.V. Im Jahr 2018 bestand das CSD-Team aus ca. 20 Personen.<\/p>\n<!-- \/wp:paragraph -->\n\n<!-- wp:paragraph -->\n<p>Durch die Arbeitsgruppenstruktur und zahlreiche eigenst\u00e4ndige Projekte ist die ehrenamtliche Mitarbeit beim CSD recht flexibel und kann sowohl den eigenen Bed\u00fcrfnissen als auch den \u00e4u\u00dferen Umst\u00e4nden angepasst werden. Neben einem regelm\u00e4\u00dfigen ganzj\u00e4hrigen Engagement ist eine projektbezogene Mitarbeit \u2013 z.B. f\u00fcr Grafik und Design, Projekt- und Rechtsberatung, Transport, Besorgungen, spezielle Vereinsveranstaltungen \u2013 oder eine ehrenamtliche Unterst\u00fctzung zu den \u201cHauptaktionstagen\u201d rund um den CSD m\u00f6glich \u2013 z.B. als Betreuer*in f\u00fcr den Familien-\/Sport-Mitgliederbereich, als Fahrer*in, im Bereich Barrierefrei, f\u00fcr Besorgungen, Verteilung, Transport, Auf- und Abbau, Einweisungen, Serviceaufgaben, Einlasskontrollen, am CSD Infostand oder Unterst\u00fctzung bei der B\u00fcroadministration etc.<\/p>\n<!-- \/wp:paragraph -->\n\n<!-- wp:paragraph -->\n<p><strong>CSD Team<\/strong><\/p>\n<!-- \/wp:paragraph -->\n\n<!-- wp:paragraph -->\n<p>Der CSD Vorstand kann das CSD-Team mit Aufgaben betrauen, um die operative Umsetzung des CSDs (von der CSD Demonstration, zum Finale \u00fcber Pressearbeit, Sponsorenakquise, Rahmenprogramm, Projektmanagement etc.) und die Vereinsverwaltung (Sitzungen, Protokolle, Buchhaltung, Communityanfragen, CSD Forum etc.) sicherzustellen. Das CSD-Team ist das ganze Jahr \u00fcber mit CSD- und Vereinsaufgaben besch\u00e4ftigt und trifft sich regelm\u00e4\u00dfig zu den jeweiligen Team-, Arbeitsgemeinschafts- und Projektsitzungen. Es besteht aus den CSD-Vorst\u00e4nden und allen Ehrenamtlichen bzw. Honorarkr\u00e4ften, die f\u00fcr die Hauptaufgabenbereiche zust\u00e4ndig sind.<\/p>\n<!-- \/wp:paragraph -->\n\n<!-- wp:paragraph -->\n<p><strong>Projekte und zeitlich begrenzte Mitarbeit<\/strong><\/p>\n<!-- \/wp:paragraph -->\n\n<!-- wp:paragraph -->\n<p>Neben der dauerhaften Mitarbeit im CSD Team \u00fcbernehmen viele ehrenamtliche Unterst\u00fctzer*innen zeitlich begrenzte Aufgaben oder arbeiten bei bestimmten Projekten mit. Eine Mitarbeit in einer Arbeitsgruppe ist nicht an die Vereinsmitgliedschaft gebunden und gerade f\u00fcr Interessierte und \u201eNeue\u201c eine gute M\u00f6glichkeit, den Verein und seine T\u00e4tigkeiten kennenzulernen. Wenn Du Dich aktiv am CSD beteiligen und ihn mitgestalten m\u00f6chtest, melde dich gern bei uns \u2013 unter <a href=\"mailto:info@csd-berlin.de\">info@csd-berlin.de<\/a>.<\/p>\n<!-- \/wp:paragraph -->","_et_gb_content_width":"","inline_featured_image":false,"footnotes":""},"class_list":["post-6287","page","type-page","status-publish","hentry"],"acf":[],"yoast_head":"<!-- This site is optimized with the Yoast SEO plugin v27.0 - https:\/\/yoast.com\/product\/yoast-seo-wordpress\/ -->\n<title>About us &#8211; Berlin Pride | CSD Berlin 25.07.2026<\/title>\n<meta name=\"robots\" content=\"index, follow, max-snippet:-1, max-image-preview:large, max-video-preview:-1\" \/>\n<link rel=\"canonical\" href=\"https:\/\/csd-berlin.de\/en\/association\/about-us\/\" \/>\n<meta property=\"og:locale\" content=\"en_US\" \/>\n<meta property=\"og:type\" content=\"article\" \/>\n<meta property=\"og:title\" content=\"About us &#8211; Berlin Pride | CSD Berlin 25.07.2026\" \/>\n<meta property=\"og:description\" content=\"Informations on the association Executive committee Board of Directors The Board of Berliner CSD e. V. consists of five members and is elected by the General Assembly. The most recent board elections took place at the General Assembly on 16 October 2025. The General Assembly confirmed Marcel Voges and Manfred Lehmann in their positions. Carolina [&hellip;]\" \/>\n<meta property=\"og:url\" content=\"https:\/\/csd-berlin.de\/en\/association\/about-us\" \/>\n<meta property=\"og:site_name\" content=\"Berlin Pride | CSD Berlin 25.07.2026\" \/>\n<meta property=\"article:publisher\" content=\"https:\/\/facebook.com\/BerlinerCSD\" \/>\n<meta property=\"article:modified_time\" content=\"2026-01-21T17:19:47+00:00\" \/>\n<meta name=\"twitter:card\" content=\"summary_large_image\" \/>\n<meta name=\"twitter:site\" content=\"@CSD_Berlin\" \/>\n<meta name=\"twitter:label1\" content=\"Est. reading time\" \/>\n\t<meta name=\"twitter:data1\" content=\"4 minutes\" \/>\n<script type=\"application\/ld+json\" class=\"yoast-schema-graph\">{\"@context\":\"https:\/\/schema.org\",\"@graph\":[{\"@type\":\"WebPage\",\"@id\":\"https:\/\/csd-berlin.de\/en\/association\/about-us\/\",\"url\":\"https:\/\/csd-berlin.de\/en\/association\/about-us\/\",\"name\":\"About us &#8211; Berlin Pride | CSD Berlin 25.07.2026\",\"isPartOf\":{\"@id\":\"https:\/\/csd-berlin.de\/en\/#website\"},\"datePublished\":\"2019-05-06T09:23:41+00:00\",\"dateModified\":\"2026-01-21T17:19:47+00:00\",\"breadcrumb\":{\"@id\":\"https:\/\/csd-berlin.de\/en\/association\/about-us\/#breadcrumb\"},\"inLanguage\":\"en-US\",\"potentialAction\":[{\"@type\":\"ReadAction\",\"target\":[\"https:\/\/csd-berlin.de\/en\/association\/about-us\/\"]}]},{\"@type\":\"BreadcrumbList\",\"@id\":\"https:\/\/csd-berlin.de\/en\/association\/about-us\/#breadcrumb\",\"itemListElement\":[{\"@type\":\"ListItem\",\"position\":1,\"name\":\"Startseite\",\"item\":\"https:\/\/csd-berlin.de\/en\/\"},{\"@type\":\"ListItem\",\"position\":2,\"name\":\"Association\",\"item\":\"https:\/\/csd-berlin.de\/en\/?page_id=6232\"},{\"@type\":\"ListItem\",\"position\":3,\"name\":\"About us\"}]},{\"@type\":\"WebSite\",\"@id\":\"https:\/\/csd-berlin.de\/en\/#website\",\"url\":\"https:\/\/csd-berlin.de\/en\/\",\"name\":\"Berlin Pride | CSD Berlin 25.07.2026\",\"description\":\"\",\"publisher\":{\"@id\":\"https:\/\/csd-berlin.de\/en\/#organization\"},\"potentialAction\":[{\"@type\":\"SearchAction\",\"target\":{\"@type\":\"EntryPoint\",\"urlTemplate\":\"https:\/\/csd-berlin.de\/en\/?s={search_term_string}\"},\"query-input\":{\"@type\":\"PropertyValueSpecification\",\"valueRequired\":true,\"valueName\":\"search_term_string\"}}],\"inLanguage\":\"en-US\"},{\"@type\":\"Organization\",\"@id\":\"https:\/\/csd-berlin.de\/en\/#organization\",\"name\":\"Berliner CSD e.V.\",\"alternateName\":\"CSD Berlin\",\"url\":\"https:\/\/csd-berlin.de\/en\/\",\"logo\":{\"@type\":\"ImageObject\",\"inLanguage\":\"en-US\",\"@id\":\"https:\/\/csd-berlin.de\/en\/#\/schema\/logo\/image\/\",\"url\":\"https:\/\/csd-berlin.de\/wp-content\/uploads\/2021\/12\/Bildschirmfoto-2021-12-17-um-18.34.13.jpg\",\"contentUrl\":\"https:\/\/csd-berlin.de\/wp-content\/uploads\/2021\/12\/Bildschirmfoto-2021-12-17-um-18.34.13.jpg\",\"width\":500,\"height\":600,\"caption\":\"Berliner CSD e.V.\"},\"image\":{\"@id\":\"https:\/\/csd-berlin.de\/en\/#\/schema\/logo\/image\/\"},\"sameAs\":[\"https:\/\/facebook.com\/BerlinerCSD\",\"https:\/\/x.com\/CSD_Berlin\",\"https:\/\/www.instagram.com\/csd.berlin.pride\/\"]}]}<\/script>\n<!-- \/ Yoast SEO plugin. -->","yoast_head_json":{"title":"About us &#8211; Berlin Pride | CSD Berlin 25.07.2026","robots":{"index":"index","follow":"follow","max-snippet":"max-snippet:-1","max-image-preview":"max-image-preview:large","max-video-preview":"max-video-preview:-1"},"canonical":"https:\/\/csd-berlin.de\/en\/association\/about-us\/","og_locale":"en_US","og_type":"article","og_title":"About us &#8211; Berlin Pride | CSD Berlin 25.07.2026","og_description":"Informations on the association Executive committee Board of Directors The Board of Berliner CSD e. V. consists of five members and is elected by the General Assembly. The most recent board elections took place at the General Assembly on 16 October 2025. The General Assembly confirmed Marcel Voges and Manfred Lehmann in their positions. Carolina [&hellip;]","og_url":"https:\/\/csd-berlin.de\/en\/association\/about-us","og_site_name":"Berlin Pride | CSD Berlin 25.07.2026","article_publisher":"https:\/\/facebook.com\/BerlinerCSD","article_modified_time":"2026-01-21T17:19:47+00:00","twitter_card":"summary_large_image","twitter_site":"@CSD_Berlin","twitter_misc":{"Est. reading time":"4 minutes"},"schema":{"@context":"https:\/\/schema.org","@graph":[{"@type":"WebPage","@id":"https:\/\/csd-berlin.de\/en\/association\/about-us\/","url":"https:\/\/csd-berlin.de\/en\/association\/about-us\/","name":"About us &#8211; Berlin Pride | CSD Berlin 25.07.2026","isPartOf":{"@id":"https:\/\/csd-berlin.de\/en\/#website"},"datePublished":"2019-05-06T09:23:41+00:00","dateModified":"2026-01-21T17:19:47+00:00","breadcrumb":{"@id":"https:\/\/csd-berlin.de\/en\/association\/about-us\/#breadcrumb"},"inLanguage":"en-US","potentialAction":[{"@type":"ReadAction","target":["https:\/\/csd-berlin.de\/en\/association\/about-us\/"]}]},{"@type":"BreadcrumbList","@id":"https:\/\/csd-berlin.de\/en\/association\/about-us\/#breadcrumb","itemListElement":[{"@type":"ListItem","position":1,"name":"Startseite","item":"https:\/\/csd-berlin.de\/en\/"},{"@type":"ListItem","position":2,"name":"Association","item":"https:\/\/csd-berlin.de\/en\/?page_id=6232"},{"@type":"ListItem","position":3,"name":"About us"}]},{"@type":"WebSite","@id":"https:\/\/csd-berlin.de\/en\/#website","url":"https:\/\/csd-berlin.de\/en\/","name":"Berlin Pride | CSD Berlin 25.07.2026","description":"","publisher":{"@id":"https:\/\/csd-berlin.de\/en\/#organization"},"potentialAction":[{"@type":"SearchAction","target":{"@type":"EntryPoint","urlTemplate":"https:\/\/csd-berlin.de\/en\/?s={search_term_string}"},"query-input":{"@type":"PropertyValueSpecification","valueRequired":true,"valueName":"search_term_string"}}],"inLanguage":"en-US"},{"@type":"Organization","@id":"https:\/\/csd-berlin.de\/en\/#organization","name":"Berliner CSD e.V.","alternateName":"CSD Berlin","url":"https:\/\/csd-berlin.de\/en\/","logo":{"@type":"ImageObject","inLanguage":"en-US","@id":"https:\/\/csd-berlin.de\/en\/#\/schema\/logo\/image\/","url":"https:\/\/csd-berlin.de\/wp-content\/uploads\/2021\/12\/Bildschirmfoto-2021-12-17-um-18.34.13.jpg","contentUrl":"https:\/\/csd-berlin.de\/wp-content\/uploads\/2021\/12\/Bildschirmfoto-2021-12-17-um-18.34.13.jpg","width":500,"height":600,"caption":"Berliner CSD e.V."},"image":{"@id":"https:\/\/csd-berlin.de\/en\/#\/schema\/logo\/image\/"},"sameAs":["https:\/\/facebook.com\/BerlinerCSD","https:\/\/x.com\/CSD_Berlin","https:\/\/www.instagram.com\/csd.berlin.pride\/"]}]}},"_links":{"self":[{"href":"https:\/\/csd-berlin.de\/en\/wp-json\/wp\/v2\/pages\/6287","targetHints":{"allow":["GET"]}}],"collection":[{"href":"https:\/\/csd-berlin.de\/en\/wp-json\/wp\/v2\/pages"}],"about":[{"href":"https:\/\/csd-berlin.de\/en\/wp-json\/wp\/v2\/types\/page"}],"author":[{"embeddable":true,"href":"https:\/\/csd-berlin.de\/en\/wp-json\/wp\/v2\/users\/1"}],"replies":[{"embeddable":true,"href":"https:\/\/csd-berlin.de\/en\/wp-json\/wp\/v2\/comments?post=6287"}],"version-history":[{"count":7,"href":"https:\/\/csd-berlin.de\/en\/wp-json\/wp\/v2\/pages\/6287\/revisions"}],"predecessor-version":[{"id":26992,"href":"https:\/\/csd-berlin.de\/en\/wp-json\/wp\/v2\/pages\/6287\/revisions\/26992"}],"up":[{"embeddable":true,"href":"https:\/\/csd-berlin.de\/en\/wp-json\/wp\/v2\/pages\/6232"}],"wp:attachment":[{"href":"https:\/\/csd-berlin.de\/en\/wp-json\/wp\/v2\/media?parent=6287"}],"curies":[{"name":"wp","href":"https:\/\/api.w.org\/{rel}","templated":true}]}}